{"id":3736,"date":"2023-09-23T07:38:16","date_gmt":"2023-09-23T07:38:16","guid":{"rendered":"https:\/\/eip-backup.swiss-tomato.ch\/case-studies\/"},"modified":"2024-03-20T12:10:58","modified_gmt":"2024-03-20T12:10:58","slug":"erfolgsbilanz","status":"publish","type":"page","link":"https:\/\/eip-backup.swiss-tomato.ch\/de\/erfolgsbilanz\/","title":{"rendered":"Erfolgsbilanz"},"content":{"rendered":"\r\n<section \r\n  class=\"stbase-rich-text-cta-block stbase-block top-margin-120 bottom-margin-100 top-mobile-margin-60 bottom-mobile-margin-40\"\r\n>\r\n  <div class=\"container\">\r\n    <div \r\n      class=\"content large \"\r\n      style=\"max-width: 520px;\"\r\n      data-aos=\"fade-up\"    >\r\n              <div class=\"mobile-content\"><h1>Unsere Portfoliounternehmen<\/h1>\n<p>Erfahren Sie mehr \u00fcber unsere Erfolgsbilanz bei Investitionen in diversifizierte systemkritische Energieinfrastrukturanlagen.<\/p>\n<\/div>\r\n        <div class=\"desktop-content\"><h1>Unsere Portfoliounternehmen<\/h1>\n<p>Erfahren Sie mehr \u00fcber unsere Erfolgsbilanz bei Investitionen in diversifizierte systemkritische Energieinfrastrukturanlagen.<\/p>\n<\/div>\r\n        \r\n          <\/div>\r\n  <\/div>\r\n<\/section>\n\n\r\n<section \r\n  class=\"stbase-case-study-filtered-list-block stbase-block top-margin-120 bottom-margin-140 top-mobile-margin-40 bottom-mobile-margin-70\"\"\r\n>\r\n  <div class=\"container\">\r\n    <div class=\"filters-wrapper\">\r\n      <div class=\"filter-pill-list\">\r\n        <div class=\"pill selected\">\r\n          Alle        <\/div>\r\n    \r\n                  <div class=\"pill\" data-term-id=\"73\">\r\n            Erneuerbare Energien          <\/div>\r\n                  <div class=\"pill\" data-term-id=\"79\">\r\n            Systemflexibilit\u00e4t          <\/div>\r\n                  <div class=\"pill\" data-term-id=\"87\">\r\n            \u00dcbertragung          <\/div>\r\n            \r\n        <span class=\"loader\"><\/span>\r\n      <\/div>\r\n    <\/div>\r\n\r\n    \r\n      <div class=\"case-study-list\">\r\n\r\n        <div class=\"case-study-card template\">\r\n          <a class=\"case-study-card__image\">\r\n            <img decoding=\"async\" src=\"\" alt=\"\" class=\"desktop-content\">\r\n            <img decoding=\"async\" src=\"\" alt=\"\" class=\"mobile-content\">\r\n          <\/a>\r\n          <div class=\"case-study-card__content\">\r\n            <p class=\"uppercase subtitle\">\r\n              \r\n            <\/p>\r\n            <h3 class=\"title\">\r\n              <a href=\"\"><\/a>\r\n            <\/h3>\r\n            <p class=\"card-content\">\r\n              \r\n            <\/p>\r\n\r\n            <div class=\"term-list non-interactive\">\r\n              \r\n            <\/div>\r\n\r\n          <\/div>\r\n        <\/div>\r\n\r\n        \r\n<div class=\"case-study-card swiper-slide\" data-id=\"4959\">\r\n  <a class=\"case-study-card__image\" href=\"https:\/\/eip-backup.swiss-tomato.ch\/de\/track-record\/electra\/\">\r\n    <img decoding=\"async\" src=\"https:\/\/eip-backup.swiss-tomato.ch\/wp-content\/uploads\/2023\/11\/2022_01_-_ELECTRA_-_PHOTO_-159-4-412x232.webp\" alt=\"Electra - desktop\" class=\"desktop-content\">\r\n\r\n          <img decoding=\"async\" src=\"https:\/\/eip-backup.swiss-tomato.ch\/wp-content\/uploads\/2023\/11\/2022_01_-_ELECTRA_-_PHOTO_-159-4-343x193.webp\" alt=\"Electra - mobile\" class=\"mobile-content\">\r\n        <\/a>\r\n  <div class=\"case-study-card__content\">\r\n    <p class=\"uppercase\">\r\n      Europ\u00e4ische Energieinfrastruktur    <\/p>\r\n    <h3>\r\n      <a href=\"https:\/\/eip-backup.swiss-tomato.ch\/de\/track-record\/electra\/\">Electra<\/a>\r\n    <\/h3>\r\n    <p class=\"card-content\">\r\n      Electra \u2013 Der erste franz\u00f6sische Pure Player in der Ladebranche f\u00fcr Elektrofahrzeuge.    <\/p>\r\n\r\n          <div class=\"case-study-logos\">\r\n                  <img decoding=\"async\" src=\"https:\/\/eip-backup.swiss-tomato.ch\/wp-content\/uploads\/2024\/03\/LogoBox_Electra.svg\" alt=\"\">\r\n              <\/div>\r\n    \r\n    <div class=\"term-list non-interactive\">\r\n                        <span class=\"pill non-interactive\">\r\n            2023          <\/span>\r\n                  <span class=\"pill non-interactive\">\r\n            \u00dcbertragung          <\/span>\r\n                  <span class=\"pill non-interactive\">\r\n            Global          <\/span>\r\n                  <\/div>\r\n  <\/div>\r\n<\/div>\r\n<div class=\"case-study-card swiper-slide\" data-id=\"5005\">\r\n  <a class=\"case-study-card__image\" href=\"https:\/\/eip-backup.swiss-tomato.ch\/de\/track-record\/fluxys\/\">\r\n    <img decoding=\"async\" src=\"https:\/\/eip-backup.swiss-tomato.ch\/wp-content\/uploads\/2024\/03\/Fluxys_okt_2015_kleur-24-412x232.jpg\" alt=\"Fluxys - desktop\" class=\"desktop-content\">\r\n\r\n          <img decoding=\"async\" src=\"https:\/\/eip-backup.swiss-tomato.ch\/wp-content\/uploads\/2024\/03\/Fluxys_okt_2015_kleur-24-343x193.jpg\" alt=\"Fluxys - mobile\" class=\"mobile-content\">\r\n        <\/a>\r\n  <div class=\"case-study-card__content\">\r\n    <p class=\"uppercase\">\r\n      Europ\u00e4ische Energieinfrastruktur    <\/p>\r\n    <h3>\r\n      <a href=\"https:\/\/eip-backup.swiss-tomato.ch\/de\/track-record\/fluxys\/\">Fluxys<\/a>\r\n    <\/h3>\r\n    <p class=\"card-content\">\r\n      28,000 km Pipelines f\u00fcr den Gastransport durch Europa, Brasilien und Oman.    <\/p>\r\n\r\n          <div class=\"case-study-logos\">\r\n                  <img decoding=\"async\" src=\"https:\/\/eip-backup.swiss-tomato.ch\/wp-content\/uploads\/2024\/03\/LogoBox_Fluxys-1.svg\" alt=\"\">\r\n              <\/div>\r\n    \r\n    <div class=\"term-list non-interactive\">\r\n                        <span class=\"pill non-interactive\">\r\n            2023          <\/span>\r\n                  <span class=\"pill non-interactive\">\r\n            \u00dcbertragung          <\/span>\r\n                  <span class=\"pill non-interactive\">\r\n            Global          <\/span>\r\n                  <\/div>\r\n  <\/div>\r\n<\/div>\r\n<div class=\"case-study-card swiper-slide\" data-id=\"3778\">\r\n  <a class=\"case-study-card__image\" href=\"https:\/\/eip-backup.swiss-tomato.ch\/de\/track-record\/baywa-r-e-global-platform\/\">\r\n    <img decoding=\"async\" src=\"https:\/\/eip-backup.swiss-tomato.ch\/wp-content\/uploads\/2023\/11\/baywa-re-thumbnail-412x232.jpg\" alt=\"BayWa r.e. - desktop\" class=\"desktop-content\">\r\n\r\n          <img decoding=\"async\" src=\"https:\/\/eip-backup.swiss-tomato.ch\/wp-content\/uploads\/2023\/11\/baywa-re-thumbnail-343x193.jpg\" alt=\"BayWa r.e. - mobile\" class=\"mobile-content\">\r\n        <\/a>\r\n  <div class=\"case-study-card__content\">\r\n    <p class=\"uppercase\">\r\n      Europ\u00e4ische Energieinfrastruktur    <\/p>\r\n    <h3>\r\n      <a href=\"https:\/\/eip-backup.swiss-tomato.ch\/de\/track-record\/baywa-r-e-global-platform\/\">BayWa r.e.<\/a>\r\n    <\/h3>\r\n    <p class=\"card-content\">\r\n      Eine globale Plattform f\u00fcr erneuerbare Energien mit \u00fcber 22 GW Entwicklungspotential.    <\/p>\r\n\r\n          <div class=\"case-study-logos\">\r\n                  <img decoding=\"async\" src=\"https:\/\/eip-backup.swiss-tomato.ch\/wp-content\/uploads\/2024\/03\/LogoBox_BayWa-re.svg\" alt=\"\">\r\n              <\/div>\r\n    \r\n    <div class=\"term-list non-interactive\">\r\n                        <span class=\"pill non-interactive\">\r\n            Erneuerbare Energien          <\/span>\r\n                  <span class=\"pill non-interactive\">\r\n            Global          <\/span>\r\n                  <span class=\"pill non-interactive\">\r\n            2021          <\/span>\r\n                  <\/div>\r\n  <\/div>\r\n<\/div>\r\n<div class=\"case-study-card swiper-slide\" data-id=\"3774\">\r\n  <a class=\"case-study-card__image\" href=\"https:\/\/eip-backup.swiss-tomato.ch\/de\/track-record\/arkona\/\">\r\n    <img decoding=\"async\" src=\"https:\/\/eip-backup.swiss-tomato.ch\/wp-content\/uploads\/2023\/09\/arkona-thumnail-412x232.jpg\" alt=\"Arkona - desktop\" class=\"desktop-content\">\r\n\r\n          <img decoding=\"async\" src=\"https:\/\/eip-backup.swiss-tomato.ch\/wp-content\/uploads\/2023\/09\/arkona-thumnail-343x193.jpg\" alt=\"Arkona - mobile\" class=\"mobile-content\">\r\n        <\/a>\r\n  <div class=\"case-study-card__content\">\r\n    <p class=\"uppercase\">\r\n      Europ\u00e4ische Energieinfrastruktur    <\/p>\r\n    <h3>\r\n      <a href=\"https:\/\/eip-backup.swiss-tomato.ch\/de\/track-record\/arkona\/\">Arkona<\/a>\r\n    <\/h3>\r\n    <p class=\"card-content\">\r\n      Arkona ist ein vollst\u00e4ndig in Betrieb befindlicher Offshore-Windpark mit 378 MW Leistung, der sich 35km nord\u00f6stlich der deutschen Ostseeinsel R\u00fcgen befindet.    <\/p>\r\n\r\n          <div class=\"case-study-logos\">\r\n                  <img decoding=\"async\" src=\"https:\/\/eip-backup.swiss-tomato.ch\/wp-content\/uploads\/2024\/03\/LogoBox_RWE-1.svg\" alt=\"\">\r\n                  <img decoding=\"async\" src=\"https:\/\/eip-backup.swiss-tomato.ch\/wp-content\/uploads\/2024\/03\/LogoBox_equinor-1.svg\" alt=\"\">\r\n              <\/div>\r\n    \r\n    <div class=\"term-list non-interactive\">\r\n                        <span class=\"pill non-interactive\">\r\n            Erneuerbare Energien          <\/span>\r\n                  <span class=\"pill non-interactive\">\r\n            Deutschland          <\/span>\r\n                  <span class=\"pill non-interactive\">\r\n            2019          <\/span>\r\n                  <\/div>\r\n  <\/div>\r\n<\/div>\r\n<div class=\"case-study-card swiper-slide\" data-id=\"3780\">\r\n  <a class=\"case-study-card__image\" href=\"https:\/\/eip-backup.swiss-tomato.ch\/de\/track-record\/alpiq\/\">\r\n    <img decoding=\"async\" src=\"https:\/\/eip-backup.swiss-tomato.ch\/wp-content\/uploads\/2024\/02\/Stausee-Hongrin-Copyright-Alpiq1-412x232.jpg\" alt=\"Alpiq - desktop\" class=\"desktop-content\">\r\n\r\n          <img decoding=\"async\" src=\"https:\/\/eip-backup.swiss-tomato.ch\/wp-content\/uploads\/2024\/02\/Stausee-Hongrin-Copyright-Alpiq1-343x193.jpg\" alt=\"Alpiq - mobile\" class=\"mobile-content\">\r\n        <\/a>\r\n  <div class=\"case-study-card__content\">\r\n    <p class=\"uppercase\">\r\n      Schweizer Energieinfrastruktur    <\/p>\r\n    <h3>\r\n      <a href=\"https:\/\/eip-backup.swiss-tomato.ch\/de\/track-record\/alpiq\/\">Alpiq<\/a>\r\n    <\/h3>\r\n    <p class=\"card-content\">\r\n      Das zweitgr\u00f6sste Wasserkraftportfolio der Schweiz mit rund 3\u2019300 Megawatt.    <\/p>\r\n\r\n          <div class=\"case-study-logos\">\r\n                  <img decoding=\"async\" src=\"https:\/\/eip-backup.swiss-tomato.ch\/wp-content\/uploads\/2024\/03\/LogoBox_Alpiq-1.svg\" alt=\"\">\r\n              <\/div>\r\n    \r\n    <div class=\"term-list non-interactive\">\r\n                        <span class=\"pill non-interactive\">\r\n            Systemflexibilit\u00e4t          <\/span>\r\n                  <span class=\"pill non-interactive\">\r\n            Schweiz          <\/span>\r\n                  <span class=\"pill non-interactive\">\r\n            2019          <\/span>\r\n                  <\/div>\r\n  <\/div>\r\n<\/div>\r\n<div class=\"case-study-card swiper-slide\" data-id=\"3784\">\r\n  <a class=\"case-study-card__image\" href=\"https:\/\/eip-backup.swiss-tomato.ch\/de\/track-record\/sunscreen\/\">\r\n    <img decoding=\"async\" src=\"https:\/\/eip-backup.swiss-tomato.ch\/wp-content\/uploads\/2023\/10\/63d79d85b84aa6be963143fbbdf37f2b1-412x232.jpg\" alt=\"Sunscreen - desktop\" class=\"desktop-content\">\r\n\r\n          <img decoding=\"async\" src=\"https:\/\/eip-backup.swiss-tomato.ch\/wp-content\/uploads\/2023\/10\/63d79d85b84aa6be963143fbbdf37f2b1-343x193.jpg\" alt=\"Sunscreen - mobile\" class=\"mobile-content\">\r\n        <\/a>\r\n  <div class=\"case-study-card__content\">\r\n    <p class=\"uppercase\">\r\n      Europ\u00e4ische Energieinfrastruktur    <\/p>\r\n    <h3>\r\n      <a href=\"https:\/\/eip-backup.swiss-tomato.ch\/de\/track-record\/sunscreen\/\">Sunscreen<\/a>\r\n    <\/h3>\r\n    <p class=\"card-content\">\r\n      Sunscreen \u2013 Ein Photovoltaikportfolio mit 130 MW in Italien und der Slowakei.    <\/p>\r\n\r\n          <div class=\"case-study-logos\">\r\n                  <img decoding=\"async\" src=\"https:\/\/eip-backup.swiss-tomato.ch\/wp-content\/uploads\/2024\/03\/LogoBox_ContourGlobal.svg\" alt=\"\">\r\n              <\/div>\r\n    \r\n    <div class=\"term-list non-interactive\">\r\n                        <span class=\"pill non-interactive\">\r\n            Italien          <\/span>\r\n                  <span class=\"pill non-interactive\">\r\n            Slovakei          <\/span>\r\n                  <span class=\"pill non-interactive\">\r\n            Erneuerbare Energien          <\/span>\r\n                  <span class=\"pill non-interactive\">\r\n            2018          <\/span>\r\n                  <\/div>\r\n  <\/div>\r\n<\/div>\r\n<div class=\"case-study-card swiper-slide\" data-id=\"3782\">\r\n  <a class=\"case-study-card__image\" href=\"https:\/\/eip-backup.swiss-tomato.ch\/de\/track-record\/swissgrid\/\">\r\n    <img decoding=\"async\" src=\"https:\/\/eip-backup.swiss-tomato.ch\/wp-content\/uploads\/2023\/10\/a80958892c78200a3c1b1a7456dfd5721-412x232.jpg\" alt=\"Swissgrid - desktop\" class=\"desktop-content\">\r\n\r\n          <img decoding=\"async\" src=\"https:\/\/eip-backup.swiss-tomato.ch\/wp-content\/uploads\/2023\/10\/a80958892c78200a3c1b1a7456dfd5721-343x193.jpg\" alt=\"Swissgrid - mobile\" class=\"mobile-content\">\r\n        <\/a>\r\n  <div class=\"case-study-card__content\">\r\n    <p class=\"uppercase\">\r\n      Schweizer Energieinfrastruktur    <\/p>\r\n    <h3>\r\n      <a href=\"https:\/\/eip-backup.swiss-tomato.ch\/de\/track-record\/swissgrid\/\">Swissgrid<\/a>\r\n    <\/h3>\r\n    <p class=\"card-content\">\r\n      Swissgrid ist die nationale Netzgesellschaft der Schweiz, die f\u00fcr den Betrieb, Unterhalt, die Erneuerung und den Ausbau des 6&#8217;700 km langen Hochspannungsnetzes verantwortlich ist.    <\/p>\r\n\r\n          <div class=\"case-study-logos\">\r\n                  <img decoding=\"async\" src=\"https:\/\/eip-backup.swiss-tomato.ch\/wp-content\/uploads\/2024\/03\/LogoBox_Swissgrid-1.svg\" alt=\"\">\r\n              <\/div>\r\n    \r\n    <div class=\"term-list non-interactive\">\r\n                        <span class=\"pill non-interactive\">\r\n            Systemflexibilit\u00e4t          <\/span>\r\n                  <span class=\"pill non-interactive\">\r\n            Schweiz          <\/span>\r\n                  <span class=\"pill non-interactive\">\r\n            2014          <\/span>\r\n                  <\/div>\r\n  <\/div>\r\n<\/div>\r\n<div class=\"case-study-card swiper-slide\" data-id=\"4567\">\r\n  <a class=\"case-study-card__image\" href=\"https:\/\/eip-backup.swiss-tomato.ch\/de\/track-record\/boralex\/\">\r\n    <img decoding=\"async\" src=\"https:\/\/eip-backup.swiss-tomato.ch\/wp-content\/uploads\/2023\/11\/Coteaux-du-Blaiseron-Haute-Marne_2000px-e1645704494406-412x232.jpg\" alt=\"Boralex - desktop\" class=\"desktop-content\">\r\n\r\n          <img decoding=\"async\" src=\"https:\/\/eip-backup.swiss-tomato.ch\/wp-content\/uploads\/2023\/11\/Coteaux-du-Blaiseron-Haute-Marne_2000px-e1645704513119-343x193.jpg\" alt=\"Boralex - mobile\" class=\"mobile-content\">\r\n        <\/a>\r\n  <div class=\"case-study-card__content\">\r\n    <p class=\"uppercase\">\r\n      Europ\u00e4ische Energieinfrastruktur    <\/p>\r\n    <h3>\r\n      <a href=\"https:\/\/eip-backup.swiss-tomato.ch\/de\/track-record\/boralex\/\">Boralex<\/a>\r\n    <\/h3>\r\n    <p class=\"card-content\">\r\n      Boralex \u2013 Franz\u00f6sisches Unternehmen mit 75 strategisch gelegenen Wind- und Solaranlagen.    <\/p>\r\n\r\n          <div class=\"case-study-logos\">\r\n                  <img decoding=\"async\" src=\"https:\/\/eip-backup.swiss-tomato.ch\/wp-content\/uploads\/2024\/03\/LogoBox_Boralex.svg\" alt=\"\">\r\n              <\/div>\r\n    \r\n    <div class=\"term-list non-interactive\">\r\n                        <span class=\"pill non-interactive\">\r\n            2022          <\/span>\r\n                  <span class=\"pill non-interactive\">\r\n            Frankreich          <\/span>\r\n                  <span class=\"pill non-interactive\">\r\n            Erneuerbare Energien          <\/span>\r\n                  <\/div>\r\n  <\/div>\r\n<\/div>\r\n<div class=\"case-study-card swiper-slide\" data-id=\"3788\">\r\n  <a class=\"case-study-card__image\" href=\"https:\/\/eip-backup.swiss-tomato.ch\/de\/track-record\/fluxswiss-transitgas\/\">\r\n    <img decoding=\"async\" src=\"https:\/\/eip-backup.swiss-tomato.ch\/wp-content\/uploads\/2023\/11\/0f34b7ac1c654571dfab24cf32d7bbb61-412x232.jpg\" alt=\"Transitgas - desktop\" class=\"desktop-content\">\r\n\r\n          <img decoding=\"async\" src=\"https:\/\/eip-backup.swiss-tomato.ch\/wp-content\/uploads\/2023\/11\/0f34b7ac1c654571dfab24cf32d7bbb61-343x193.jpg\" alt=\"Transitgas - mobile\" class=\"mobile-content\">\r\n        <\/a>\r\n  <div class=\"case-study-card__content\">\r\n    <p class=\"uppercase\">\r\n      Schweizer Energieinfrastruktur    <\/p>\r\n    <h3>\r\n      <a href=\"https:\/\/eip-backup.swiss-tomato.ch\/de\/track-record\/fluxswiss-transitgas\/\">Transitgas<\/a>\r\n    <\/h3>\r\n    <p class=\"card-content\">\r\n      Eine strategisch g\u00fcnstig gelegene Gastransportleitung, welche die sichere Engergieversorgung der Schweiz, Frankreichs, Deutschlands und Italiens gew\u00e4hrleistet.    <\/p>\r\n\r\n          <div class=\"case-study-logos\">\r\n                  <img decoding=\"async\" src=\"https:\/\/eip-backup.swiss-tomato.ch\/wp-content\/uploads\/2024\/03\/LogoBox_Fluxys-1.svg\" alt=\"\">\r\n                  <img decoding=\"async\" src=\"https:\/\/eip-backup.swiss-tomato.ch\/wp-content\/uploads\/2024\/03\/LogoBox_Swissgas.svg\" alt=\"\">\r\n              <\/div>\r\n    \r\n    <div class=\"term-list non-interactive\">\r\n                        <span class=\"pill non-interactive\">\r\n            \u00dcbertragung          <\/span>\r\n                  <span class=\"pill non-interactive\">\r\n            Schweiz          <\/span>\r\n                  <span class=\"pill non-interactive\">\r\n            2016          <\/span>\r\n                  <\/div>\r\n  <\/div>\r\n<\/div>\r\n<div class=\"case-study-card swiper-slide\" data-id=\"4590\">\r\n  <a class=\"case-study-card__image\" href=\"https:\/\/eip-backup.swiss-tomato.ch\/de\/track-record\/repsol-renovables\/\">\r\n    <img decoding=\"async\" src=\"https:\/\/eip-backup.swiss-tomato.ch\/wp-content\/uploads\/2023\/11\/Solar-412x232.jpg\" alt=\"Repsol Renovables - desktop\" class=\"desktop-content\">\r\n\r\n          <img decoding=\"async\" src=\"https:\/\/eip-backup.swiss-tomato.ch\/wp-content\/uploads\/2023\/11\/Solar-343x193.jpg\" alt=\"Repsol Renovables - mobile\" class=\"mobile-content\">\r\n        <\/a>\r\n  <div class=\"case-study-card__content\">\r\n    <p class=\"uppercase\">\r\n      Europ\u00e4ische Energieinfrastruktur    <\/p>\r\n    <h3>\r\n      <a href=\"https:\/\/eip-backup.swiss-tomato.ch\/de\/track-record\/repsol-renovables\/\">Repsol Renovables<\/a>\r\n    <\/h3>\r\n    <p class=\"card-content\">\r\n      Eine globale Plattform f\u00fcr erneuerbare Energien mit einer umfangreichen und technologisch diversifizierten Projektpipeline.    <\/p>\r\n\r\n          <div class=\"case-study-logos\">\r\n                  <img decoding=\"async\" src=\"https:\/\/eip-backup.swiss-tomato.ch\/wp-content\/uploads\/2024\/03\/LogoBox_Repsol.svg\" alt=\"\">\r\n              <\/div>\r\n    \r\n    <div class=\"term-list non-interactive\">\r\n                        <span class=\"pill non-interactive\">\r\n            2022          <\/span>\r\n                  <span class=\"pill non-interactive\">\r\n            Erneuerbare Energien          <\/span>\r\n                  <span class=\"pill non-interactive\">\r\n            Global          <\/span>\r\n                  <\/div>\r\n  <\/div>\r\n<\/div>\r\n<div class=\"case-study-card swiper-slide\" data-id=\"3786\">\r\n  <a class=\"case-study-card__image\" href=\"https:\/\/eip-backup.swiss-tomato.ch\/de\/track-record\/mirror\/\">\r\n    <img decoding=\"async\" src=\"https:\/\/eip-backup.swiss-tomato.ch\/wp-content\/uploads\/2023\/11\/f780132443fd1f7a7c9a83ddda8d70241-412x232.jpg\" alt=\"Mirror - desktop\" class=\"desktop-content\">\r\n\r\n          <img decoding=\"async\" src=\"https:\/\/eip-backup.swiss-tomato.ch\/wp-content\/uploads\/2023\/11\/f780132443fd1f7a7c9a83ddda8d70241-343x193.jpg\" alt=\"Mirror - mobile\" class=\"mobile-content\">\r\n        <\/a>\r\n  <div class=\"case-study-card__content\">\r\n    <p class=\"uppercase\">\r\n      Europ\u00e4ische Energieinfrastruktur    <\/p>\r\n    <h3>\r\n      <a href=\"https:\/\/eip-backup.swiss-tomato.ch\/de\/track-record\/mirror\/\">Mirror<\/a>\r\n    <\/h3>\r\n    <p class=\"card-content\">\r\n      Mirror, ein 250-MW-Portfolio aus f\u00fcnf Anlagen f\u00fcr konzentrierte Solarenergie mit Parabolrinnentechnologie in Spanien.    <\/p>\r\n\r\n          <div class=\"case-study-logos\">\r\n                  <img decoding=\"async\" src=\"https:\/\/eip-backup.swiss-tomato.ch\/wp-content\/uploads\/2024\/03\/LogoBox_ContourGlobal.svg\" alt=\"\">\r\n              <\/div>\r\n    \r\n    <div class=\"term-list non-interactive\">\r\n                        <span class=\"pill non-interactive\">\r\n            Erneuerbare Energien          <\/span>\r\n                  <span class=\"pill non-interactive\">\r\n            Spainen          <\/span>\r\n                  <span class=\"pill non-interactive\">\r\n            2019          <\/span>\r\n                  <\/div>\r\n  <\/div>\r\n<\/div>\r\n<div class=\"case-study-card swiper-slide\" data-id=\"3776\">\r\n  <a class=\"case-study-card__image\" href=\"https:\/\/eip-backup.swiss-tomato.ch\/de\/track-record\/nysater\/\">\r\n    <img decoding=\"async\" src=\"https:\/\/eip-backup.swiss-tomato.ch\/wp-content\/uploads\/2023\/11\/nysater-thumbnail-412x232.jpg\" alt=\"Nys\u00e4ter - desktop\" class=\"desktop-content\">\r\n\r\n          <img decoding=\"async\" src=\"https:\/\/eip-backup.swiss-tomato.ch\/wp-content\/uploads\/2023\/11\/nysater-thumbnail-343x193.jpg\" alt=\"Nys\u00e4ter - mobile\" class=\"mobile-content\">\r\n        <\/a>\r\n  <div class=\"case-study-card__content\">\r\n    <p class=\"uppercase\">\r\n      Europ\u00e4ische Energieinfrastruktur    <\/p>\r\n    <h3>\r\n      <a href=\"https:\/\/eip-backup.swiss-tomato.ch\/de\/track-record\/nysater\/\">Nys\u00e4ter<\/a>\r\n    <\/h3>\r\n    <p class=\"card-content\">\r\n      Nys\u00e4ter besteht aus zwei Windparks, H\u00e4stkullen (307 Megawatt) und Bj\u00f6rnlandh\u00f6jden (167 Megawatt) und liegt in der N\u00e4he der Stadt Sundsvall in Schweden. Beide Windparks sind seit 2022 vollst\u00e4ndig in Betrieb. Sie sind Eckpfeiler der Zielsetzung Schwedens, den n\u00f6rdlichen Teil des Landes zu einer Drehscheibe f\u00fcr die europ\u00e4ische Energiewende zu machen.    <\/p>\r\n\r\n          <div class=\"case-study-logos\">\r\n                  <img decoding=\"async\" src=\"https:\/\/eip-backup.swiss-tomato.ch\/wp-content\/uploads\/2024\/03\/LogoBox_RWE-1.svg\" alt=\"\">\r\n              <\/div>\r\n    \r\n    <div class=\"term-list non-interactive\">\r\n                        <span class=\"pill non-interactive\">\r\n            Erneuerbare Energien          <\/span>\r\n                  <span class=\"pill non-interactive\">\r\n            Schweden          <\/span>\r\n                  <span class=\"pill non-interactive\">\r\n            2018          <\/span>\r\n                  <\/div>\r\n  <\/div>\r\n<\/div>      <\/div>\r\n\r\n      <\/div>\r\n\r\n<\/section>\r\n\n\n\r\n<section \r\n  class=\"stbase-disclaimer-text-block stbase-block top-margin-140 bottom-margin-200 top-mobile-margin-70 bottom-mobile-margin-100\"\r\n>\r\n  <div class=\"container\">\r\n    <div class=\"text-content supporting\" data-aos=\"fade-up\">\r\n      <p>Die vorgestellten Unternehmen dienen lediglich illustrativen Zwecken, um die vergangene Aktivit\u00e4t von EIP zu pr\u00e4sentieren.<br \/>\nDiese Website stellt keine Marketingkommunikation\/Werbung\/Finanzf\u00f6rderung in Bezug auf Fonds, Wertpapiere, Finanzinstrumente oder sonstige Finanzdienstleistungen oder -produkte dar. Bitte kontaktieren Sie unser Team, wenn Sie weitere Informationen w\u00fcnschen.<\/p>\n    <\/div>\r\n<\/div>\r\n<\/section>","protected":false},"excerpt":{"rendered":"","protected":false},"author":1,"featured_media":0,"parent":0,"menu_order":0,"comment_status":"closed","ping_status":"closed","template":"","meta":{"_acf_changed":false,"_gspb_post_css":"","content-type":"","footnotes":""},"class_list":["post-3736","page","type-page","status-publish","hentry"],"acf":[],"_links":{"self":[{"href":"https:\/\/eip-backup.swiss-tomato.ch\/de\/wp-json\/wp\/v2\/pages\/3736","targetHints":{"allow":["GET"]}}],"collection":[{"href":"https:\/\/eip-backup.swiss-tomato.ch\/de\/wp-json\/wp\/v2\/pages"}],"about":[{"href":"https:\/\/eip-backup.swiss-tomato.ch\/de\/wp-json\/wp\/v2\/types\/page"}],"author":[{"embeddable":true,"href":"https:\/\/eip-backup.swiss-tomato.ch\/de\/wp-json\/wp\/v2\/users\/1"}],"replies":[{"embeddable":true,"href":"https:\/\/eip-backup.swiss-tomato.ch\/de\/wp-json\/wp\/v2\/comments?post=3736"}],"version-history":[{"count":10,"href":"https:\/\/eip-backup.swiss-tomato.ch\/de\/wp-json\/wp\/v2\/pages\/3736\/revisions"}],"predecessor-version":[{"id":5102,"href":"https:\/\/eip-backup.swiss-tomato.ch\/de\/wp-json\/wp\/v2\/pages\/3736\/revisions\/5102"}],"wp:attachment":[{"href":"https:\/\/eip-backup.swiss-tomato.ch\/de\/wp-json\/wp\/v2\/media?parent=3736"}],"curies":[{"name":"wp","href":"https:\/\/api.w.org\/{rel}","templated":true}]}}