{"id":3739,"date":"2023-09-27T18:46:16","date_gmt":"2023-09-27T18:46:16","guid":{"rendered":"https:\/\/eip-backup.swiss-tomato.ch\/about\/"},"modified":"2024-04-02T08:11:39","modified_gmt":"2024-04-02T08:11:39","slug":"team-karriere","status":"publish","type":"page","link":"https:\/\/eip-backup.swiss-tomato.ch\/de\/team-karriere\/","title":{"rendered":"Team &#038; Karriere"},"content":{"rendered":"\r\n<section \r\n  class=\"stbase-hero-block stbase-block top-margin-80 bottom-margin-80 top-mobile-margin-40 bottom-mobile-margin-40\"\r\n>\r\n  <div class=\"full-width-split-screen\">\r\n    <div class=\"contained\">\r\n      <div data-aos=\"fade-up\">\r\n        <h1 class=\"title\">Der Mensch im Fokus<\/h1><div class=\"description large\"><p>Unser Team aus engagierten, zuverl\u00e4ssigen und unternehmerisch denkenden Pers\u00f6nlichkeiten bietet unseren Investoren und ihren Beg\u00fcnstigten vertiefte Erfahrung und Wissen im Energiesektor. Wir f\u00fchren zielorientiert mit starken, gemeinsamen Werten.<\/p>\n<\/div>      <\/div>\r\n    <\/div>\r\n    <div class=\"full type-static\">\r\n              <div class=\"static-holder\">\r\n          <img decoding=\"async\" src=\"https:\/\/eip-backup.swiss-tomato.ch\/wp-content\/uploads\/2023\/09\/about-bg1.jpg\" alt=\"Team &#038; Karriere\"> \r\n        <\/div>\r\n          <\/div>\r\n  <\/div>\r\n  <\/section>\n\n\r\n<section \r\n  class=\"stbase-counters-block stbase-block top-margin-160 bottom-margin-160 top-mobile-margin-80 bottom-mobile-margin-80\">\r\n  <div class=\"container\">\r\n    <div class=\"counter-wrapper column-4\">\r\n                        <div class=\"counter-item\">\r\n            <div class=\"counting-number-wrapper\">\r\n                          \r\n              <span data-target=\"100\" class=\"value counting-number\">0<\/span>\r\n              \r\n                              <span class=\"suffix\">+<\/span>\r\n                          <\/div>\r\n            <h5 class=\"counter-title\">Teammitglieder<\/h5>\r\n          <\/div>\r\n                  <div class=\"counter-item\">\r\n            <div class=\"counting-number-wrapper\">\r\n                          \r\n              <span data-target=\"26\" class=\"value counting-number\">0<\/span>\r\n              \r\n                          <\/div>\r\n            <h5 class=\"counter-title\">Nationalit\u00e4ten<\/h5>\r\n          <\/div>\r\n                  <div class=\"counter-item\">\r\n            <div class=\"counting-number-wrapper\">\r\n                          \r\n              <span data-target=\"24\" class=\"value counting-number\">0<\/span>\r\n              \r\n                          <\/div>\r\n            <h5 class=\"counter-title\">Sprachen<\/h5>\r\n          <\/div>\r\n                  <div class=\"counter-item\">\r\n            <div class=\"counting-number-wrapper\">\r\n                          \r\n              <span data-target=\"7\" class=\"value counting-number\">0<\/span>\r\n              \r\n                              <span class=\"suffix\">bn<\/span>\r\n                          <\/div>\r\n            <h5 class=\"counter-title\">Mrd. verwaltete Verm\u00f6gen<\/h5>\r\n          <\/div>\r\n                  <\/div>\r\n          <div class=\"last-updated\">Letzte Aktualisierung:\u00a0<strong>01.04.2024<\/strong><\/div> \r\n      \r\n  <\/div>\r\n<\/section>\n\n\r\n<section \r\n  class=\"stbase-text-image-block stbase-block top-margin-160 bottom-margin-150 top-mobile-margin-80 bottom-mobile-margin-70\"\r\n>\r\n  <div class=\"container layout-image-text\">\r\n    <div class=\"image-holder height-full wide-\">\r\n      <img decoding=\"async\" src=\"https:\/\/eip-backup.swiss-tomato.ch\/wp-content\/uploads\/2023\/09\/e924b3e9695e10f3c6a6249329ef733a1.jpg\" alt=\"Bei uns steht der Mensch im Mittelpunkt\" class=\"text-image\">\r\n    <\/div>  \r\n    <div class=\"content-holder\" data-aos=\"fade-up\">\r\n      <h2 class=\"title\">Bei uns steht der Mensch im <em>Mittelpunkt<\/em><\/h2>\r\n      <div class=\"text large tight-no\"><p>Wir bieten einzigartige berufliche Entwicklungsm\u00f6glichkeiten in einem Sektor, der die Zukunft der Energiewirtschaft massgeblich gestaltet. Mit unserer flachen Hierarchie und unseren Ausbildungsprogrammen anerkennen und belohnen wir Erfolg. Gleichzeitig legen wir stets grossen Wert auf das Wohlbefinden jedes einzelnen Mitarbeiters.<\/p>\n<\/div>\r\n          <\/div>  \r\n  <\/div>\r\n<\/section>\n\n\r\n<section \r\n  class=\"stbase-text-image-block stbase-block top-margin-160 bottom-margin-160 top-mobile-margin-80 bottom-mobile-margin-60\"\r\n>\r\n  <div class=\"container layout-text-image\">\r\n    <div class=\"image-holder height-full wide-no\">\r\n      <img decoding=\"async\" src=\"https:\/\/eip-backup.swiss-tomato.ch\/wp-content\/uploads\/2024\/01\/KCH05519-1-scaled.jpg\" alt=\"Eine Kultur der Ethik und Integration\" class=\"text-image\">\r\n    <\/div>  \r\n    <div class=\"content-holder\" data-aos=\"fade-up\">\r\n      <h2 class=\"title\">Eine <em>Kultur<\/em> der Ethik und Integration<\/h2>\r\n      <div class=\"text large tight-no\"><p>Jedes einzelne Mitglied unseres Teams engagiert sich f\u00fcr den Aufbau einer dekarbonisierten, sicheren Energieversorgung und daf\u00fcr, nachhaltige Ertr\u00e4ge f\u00fcr unsere Stakeholder zu erwirtschaften. Wir suchen nach Talenten mit herausragenden beruflichen Leistungen und h\u00f6chsten ethischen Standards, die zu unserer Kultur der Vielfalt und Integration beitragen.<\/p>\n<\/div>\r\n          <\/div>  \r\n  <\/div>\r\n<\/section>\n\n\r\n<section \r\n  class=\"stbase-jobs-block stbase-block top-margin-190 bottom-margin-180 top-mobile-margin-60 bottom-mobile-margin-80\"\r\n>\r\n  <div class=\"container\">\r\n\r\n    <div class=\"content-column\">\r\n              <h2>Offene Positionen<\/h2>\r\n      \r\n      <!-- EIP DROPWODN COMPONENT - see eip-dropdown.js -->\r\n      <button class=\"eip-dropdown\">\r\n        <span class=\"value\">Standorte <\/span>\r\n\r\n        <svg class=\"dropdown-icon\" width=\"12\" height=\"7\" viewBox=\"0 0 12 7\" fill=\"none\" xmlns=\"http:\/\/www.w3.org\/2000\/svg\">\r\n          <path d=\"M10.6668 1L6.00016 5.66667L1.3335 1\" stroke=\"#123562\" stroke-linecap=\"round\" stroke-linejoin=\"round\"\/>\r\n        <\/svg>\r\n\r\n        <ul>\r\n          <li>Alle Standorte <\/li>\r\n                      <li data-value=\"Romandie\">Romandie<\/li>\r\n                      <li data-value=\"Zurich\">Zurich<\/li>\r\n                  <\/ul>\r\n      <\/button>\r\n\r\n        <ul class=\"jobs\">\r\n          <li \r\n        data-location=\"Romandie\"\r\n      >\r\n        <!-- https:\/\/energy-infrastructure-partners-ag.jobs.personio.de\/job\/2142909\" -->\r\n\r\n        <a href=\"\/job?id=2142909\" target=\"_blank\">              \r\n          <h4>\r\n            <svg xmlns=\"http:\/\/www.w3.org\/2000\/svg\" width=\"30\" height=\"24\" viewBox=\"0 0 30 24\" fill=\"none\">\r\n              <path d=\"M23.5 6L29.5 12M29.5 12L23.5 18M29.5 12H1\" stroke=\"#123562\" stroke-linecap=\"round\" stroke-linejoin=\"round\"\/>\r\n            <\/svg>\r\n\r\n            Institutional Client Coverage Romandie          <\/h4>\r\n          <p class=\"muted\">\r\n            <span>Festanstellung,<\/span>\r\n            <span>Full-time<\/span> \u00b7\r\n            <span>Romandie<\/span>\r\n          <\/p>\r\n        <\/a>\r\n      <\/li>\r\n          <li \r\n        data-location=\"Zurich\"\r\n      >\r\n        <!-- https:\/\/energy-infrastructure-partners-ag.jobs.personio.de\/job\/2428188\" -->\r\n\r\n        <a href=\"\/job?id=2428188\" target=\"_blank\">              \r\n          <h4>\r\n            <svg xmlns=\"http:\/\/www.w3.org\/2000\/svg\" width=\"30\" height=\"24\" viewBox=\"0 0 30 24\" fill=\"none\">\r\n              <path d=\"M23.5 6L29.5 12M29.5 12L23.5 18M29.5 12H1\" stroke=\"#123562\" stroke-linecap=\"round\" stroke-linejoin=\"round\"\/>\r\n            <\/svg>\r\n\r\n            Investments Assistant Vice President          <\/h4>\r\n          <p class=\"muted\">\r\n            <span>Festanstellung,<\/span>\r\n            <span>Full-time<\/span> \u00b7\r\n            <span>Zurich<\/span>\r\n          <\/p>\r\n        <\/a>\r\n      <\/li>\r\n          <li \r\n        data-location=\"Zurich\"\r\n      >\r\n        <!-- https:\/\/energy-infrastructure-partners-ag.jobs.personio.de\/job\/2586167\" -->\r\n\r\n        <a href=\"\/job?id=2586167\" target=\"_blank\">              \r\n          <h4>\r\n            <svg xmlns=\"http:\/\/www.w3.org\/2000\/svg\" width=\"30\" height=\"24\" viewBox=\"0 0 30 24\" fill=\"none\">\r\n              <path d=\"M23.5 6L29.5 12M29.5 12L23.5 18M29.5 12H1\" stroke=\"#123562\" stroke-linecap=\"round\" stroke-linejoin=\"round\"\/>\r\n            <\/svg>\r\n\r\n            Investments Assistant Vice President &#8211; Switzerland          <\/h4>\r\n          <p class=\"muted\">\r\n            <span>Festanstellung,<\/span>\r\n            <span>Full-time<\/span> \u00b7\r\n            <span>Zurich<\/span>\r\n          <\/p>\r\n        <\/a>\r\n      <\/li>\r\n          <li \r\n        data-location=\"Zurich\"\r\n      >\r\n        <!-- https:\/\/energy-infrastructure-partners-ag.jobs.personio.de\/job\/1935289\" -->\r\n\r\n        <a href=\"\/job?id=1935289\" target=\"_blank\">              \r\n          <h4>\r\n            <svg xmlns=\"http:\/\/www.w3.org\/2000\/svg\" width=\"30\" height=\"24\" viewBox=\"0 0 30 24\" fill=\"none\">\r\n              <path d=\"M23.5 6L29.5 12M29.5 12L23.5 18M29.5 12H1\" stroke=\"#123562\" stroke-linecap=\"round\" stroke-linejoin=\"round\"\/>\r\n            <\/svg>\r\n\r\n            Investments Assistant Vice President Capital Markets          <\/h4>\r\n          <p class=\"muted\">\r\n            <span>Festanstellung,<\/span>\r\n            <span>Full-time<\/span> \u00b7\r\n            <span>Zurich<\/span>\r\n          <\/p>\r\n        <\/a>\r\n      <\/li>\r\n          <li \r\n        data-location=\"Zurich\"\r\n      >\r\n        <!-- https:\/\/energy-infrastructure-partners-ag.jobs.personio.de\/job\/2515437\" -->\r\n\r\n        <a href=\"\/job?id=2515437\" target=\"_blank\">              \r\n          <h4>\r\n            <svg xmlns=\"http:\/\/www.w3.org\/2000\/svg\" width=\"30\" height=\"24\" viewBox=\"0 0 30 24\" fill=\"none\">\r\n              <path d=\"M23.5 6L29.5 12M29.5 12L23.5 18M29.5 12H1\" stroke=\"#123562\" stroke-linecap=\"round\" stroke-linejoin=\"round\"\/>\r\n            <\/svg>\r\n\r\n            Vice President Investments          <\/h4>\r\n          <p class=\"muted\">\r\n            <span>Festanstellung,<\/span>\r\n            <span>Full-time<\/span> \u00b7\r\n            <span>Zurich<\/span>\r\n          <\/p>\r\n        <\/a>\r\n      <\/li>\r\n      <\/ul>\r\n    <\/div>  \r\n\r\n    <div class=\"image-column\">\r\n      <img decoding=\"async\" src=\"https:\/\/eip-backup.swiss-tomato.ch\/wp-content\/uploads\/2023\/10\/jobs.jpg\" alt=\"\">\r\n    <\/div>\r\n\r\n  <\/div>\r\n<\/section>\n\n\r\n<section id=\"team\"\r\n  class=\"stbase-team-block stbase-block top-margin-160 bottom-margin-160 top-mobile-margin-80 bottom-mobile-margin-80\"\r\n>\r\n  <div class=\"container\">\r\n    <h2 class=\"title\">Unsere <em>Mitarbeiter<\/em><\/h2>\r\n    <p class=\"description large\">Lernen Sie das Team kennen, das hinter unserem Erfolg steht.<\/p>\r\n    <div class=\"team-holder\">\r\n      <div class=\"filters\">\r\n        <form method=\"get\">\r\n          <div class=\"custom-select\">\r\n            <select id=\"department-filter\" name=\"department\">\r\n                <option value=\"all\">Alle Abteilungen<\/option>\r\n                <option value=\"client-solutions\">Client Solutions<\/option><option value=\"finance\">Finance<\/option><option value=\"hr-recruiting\">HR &amp; Recruiting<\/option><option value=\"investments\">Investments<\/option><option value=\"luxembourg\">Luxembourg<\/option><option value=\"management\">Management<\/option><option value=\"operations\">Operations<\/option><option value=\"performance-measurement-investment-controlling\">Performance Measurement &amp; Investment Controlling<\/option>            <\/select>\r\n          <\/div>\r\n          <div class=\"custom-select\">\r\n            <select id=\"location-filter\" name=\"location\">\r\n                <option value=\"all\">Alle Standorte<\/option>\r\n                <option value=\"luxembourg\">Luxembourg<\/option><option value=\"zurich\">Zurich<\/option>            <\/select>\r\n          <\/div>\r\n        <\/form>\r\n        <div id=\"filter-loader\">\r\n          <span class=\"loader\"><\/span>\r\n        <\/div>\r\n      <\/div>\r\n      <div class=\"team-members\">\r\n        <div class=\"team-member-item team-member-item-3297\"  data-department=\"client-solutions\" data-location=\"zurich\" data-post-id=\"3297\" data-aos=\"fade-up\">\r\n    <div class=\"member-image\">\r\n        <img loading=\"lazy\" decoding=\"async\" width=\"900\" height=\"600\" src=\"https:\/\/eip-backup.swiss-tomato.ch\/wp-content\/uploads\/2023\/11\/Tobias-Muller-1.jpg\" class=\"attachment-full size-full wp-post-image\" alt=\"\" srcset=\"https:\/\/eip-backup.swiss-tomato.ch\/wp-content\/uploads\/2023\/11\/Tobias-Muller-1.jpg 900w, https:\/\/eip-backup.swiss-tomato.ch\/wp-content\/uploads\/2023\/11\/Tobias-Muller-1-300x200.jpg 300w, https:\/\/eip-backup.swiss-tomato.ch\/wp-content\/uploads\/2023\/11\/Tobias-Muller-1-768x512.jpg 768w\" sizes=\"auto, (max-width: 900px) 100vw, 900px\" \/>    <\/div>\r\n    <h5 class=\"member-name\">Tobias Daniel M\u00fcller<\/h5>\r\n    <p class=\"member-position uppercase\">CLIENT SOLUTIONS<\/p>\r\n<\/div>\r\n<div class=\"team-member-item team-member-item-3222\"  data-department=\"client-solutions\" data-location=\"zurich\" data-post-id=\"3222\" data-aos=\"fade-up\">\r\n    <div class=\"member-image\">\r\n        <img loading=\"lazy\" decoding=\"async\" width=\"900\" height=\"600\" src=\"https:\/\/eip-backup.swiss-tomato.ch\/wp-content\/uploads\/2023\/11\/032_Edmond-Doci.jpg\" class=\"attachment-full size-full wp-post-image\" alt=\"\" srcset=\"https:\/\/eip-backup.swiss-tomato.ch\/wp-content\/uploads\/2023\/11\/032_Edmond-Doci.jpg 900w, https:\/\/eip-backup.swiss-tomato.ch\/wp-content\/uploads\/2023\/11\/032_Edmond-Doci-300x200.jpg 300w, https:\/\/eip-backup.swiss-tomato.ch\/wp-content\/uploads\/2023\/11\/032_Edmond-Doci-768x512.jpg 768w\" sizes=\"auto, (max-width: 900px) 100vw, 900px\" \/>    <\/div>\r\n    <h5 class=\"member-name\">Edmond Doci<\/h5>\r\n    <p class=\"member-position uppercase\">CLIENT SOLUTIONS<\/p>\r\n<\/div>\r\n<div class=\"team-member-item team-member-item-3238\"  data-department=\"investments\" data-location=\"zurich\" data-post-id=\"3238\" data-aos=\"fade-up\">\r\n    <div class=\"member-image\">\r\n        <img loading=\"lazy\" decoding=\"async\" width=\"900\" height=\"600\" src=\"https:\/\/eip-backup.swiss-tomato.ch\/wp-content\/uploads\/2023\/11\/047_Henning-Topp.jpg\" class=\"attachment-full size-full wp-post-image\" alt=\"\" srcset=\"https:\/\/eip-backup.swiss-tomato.ch\/wp-content\/uploads\/2023\/11\/047_Henning-Topp.jpg 900w, https:\/\/eip-backup.swiss-tomato.ch\/wp-content\/uploads\/2023\/11\/047_Henning-Topp-300x200.jpg 300w, https:\/\/eip-backup.swiss-tomato.ch\/wp-content\/uploads\/2023\/11\/047_Henning-Topp-768x512.jpg 768w\" sizes=\"auto, (max-width: 900px) 100vw, 900px\" \/>    <\/div>\r\n    <h5 class=\"member-name\">Henning Topp<\/h5>\r\n    <p class=\"member-position uppercase\">INVESTMENTS<\/p>\r\n<\/div>\r\n<div class=\"team-member-item team-member-item-3295\"  data-department=\"performance-measurement-investment-controlling\" data-location=\"zurich\" data-post-id=\"3295\" data-aos=\"fade-up\">\r\n    <div class=\"member-image\">\r\n        <img loading=\"lazy\" decoding=\"async\" width=\"900\" height=\"600\" src=\"https:\/\/eip-backup.swiss-tomato.ch\/wp-content\/uploads\/2023\/11\/Thomas-Mendelin.jpg\" class=\"attachment-full size-full wp-post-image\" alt=\"\" srcset=\"https:\/\/eip-backup.swiss-tomato.ch\/wp-content\/uploads\/2023\/11\/Thomas-Mendelin.jpg 900w, https:\/\/eip-backup.swiss-tomato.ch\/wp-content\/uploads\/2023\/11\/Thomas-Mendelin-300x200.jpg 300w, https:\/\/eip-backup.swiss-tomato.ch\/wp-content\/uploads\/2023\/11\/Thomas-Mendelin-768x512.jpg 768w\" sizes=\"auto, (max-width: 900px) 100vw, 900px\" \/>    <\/div>\r\n    <h5 class=\"member-name\">Thomas Mendelin<\/h5>\r\n    <p class=\"member-position uppercase\">DATA &#038; ANALYTICS<\/p>\r\n<\/div>\r\n<div class=\"team-member-item team-member-item-3196\"  data-department=\"operations\" data-location=\"zurich\" data-post-id=\"3196\" data-aos=\"fade-up\">\r\n    <div class=\"member-image\">\r\n        <img loading=\"lazy\" decoding=\"async\" width=\"964\" height=\"600\" src=\"https:\/\/eip-backup.swiss-tomato.ch\/wp-content\/uploads\/2023\/11\/005_Andrea-Mehra.jpg\" class=\"attachment-full size-full wp-post-image\" alt=\"\" srcset=\"https:\/\/eip-backup.swiss-tomato.ch\/wp-content\/uploads\/2023\/11\/005_Andrea-Mehra.jpg 964w, https:\/\/eip-backup.swiss-tomato.ch\/wp-content\/uploads\/2023\/11\/005_Andrea-Mehra-300x187.jpg 300w, https:\/\/eip-backup.swiss-tomato.ch\/wp-content\/uploads\/2023\/11\/005_Andrea-Mehra-768x478.jpg 768w\" sizes=\"auto, (max-width: 964px) 100vw, 964px\" \/>    <\/div>\r\n    <h5 class=\"member-name\">Andrea Martina B\u00fcrgin Mehra<\/h5>\r\n    <p class=\"member-position uppercase\">OPERATIONS<\/p>\r\n<\/div>\r\n<div class=\"team-member-item team-member-item-3197\"  data-department=\"management\" data-location=\"zurich\" data-post-id=\"3197\" data-aos=\"fade-up\">\r\n    <div class=\"member-image\">\r\n        <img loading=\"lazy\" decoding=\"async\" width=\"900\" height=\"600\" src=\"https:\/\/eip-backup.swiss-tomato.ch\/wp-content\/uploads\/2023\/11\/006_Andreja-Lukacek.jpg\" class=\"attachment-full size-full wp-post-image\" alt=\"\" srcset=\"https:\/\/eip-backup.swiss-tomato.ch\/wp-content\/uploads\/2023\/11\/006_Andreja-Lukacek.jpg 900w, https:\/\/eip-backup.swiss-tomato.ch\/wp-content\/uploads\/2023\/11\/006_Andreja-Lukacek-300x200.jpg 300w, https:\/\/eip-backup.swiss-tomato.ch\/wp-content\/uploads\/2023\/11\/006_Andreja-Lukacek-768x512.jpg 768w\" sizes=\"auto, (max-width: 900px) 100vw, 900px\" \/>    <\/div>\r\n    <h5 class=\"member-name\">Andreja Lukacek<\/h5>\r\n    <p class=\"member-position uppercase\">EXECUTIVE ASSISTANT<\/p>\r\n<\/div>\r\n<div class=\"team-member-item team-member-item-3205\"  data-department=\"client-solutions\" data-location=\"zurich\" data-post-id=\"3205\" data-aos=\"fade-up\">\r\n    <div class=\"member-image\">\r\n        <img loading=\"lazy\" decoding=\"async\" width=\"900\" height=\"600\" src=\"https:\/\/eip-backup.swiss-tomato.ch\/wp-content\/uploads\/2023\/11\/014_Beat-Goetz-2.jpg\" class=\"attachment-full size-full wp-post-image\" alt=\"\" srcset=\"https:\/\/eip-backup.swiss-tomato.ch\/wp-content\/uploads\/2023\/11\/014_Beat-Goetz-2.jpg 900w, https:\/\/eip-backup.swiss-tomato.ch\/wp-content\/uploads\/2023\/11\/014_Beat-Goetz-2-300x200.jpg 300w, https:\/\/eip-backup.swiss-tomato.ch\/wp-content\/uploads\/2023\/11\/014_Beat-Goetz-2-768x512.jpg 768w\" sizes=\"auto, (max-width: 900px) 100vw, 900px\" \/>    <\/div>\r\n    <h5 class=\"member-name\">Beat Goetz<\/h5>\r\n    <p class=\"member-position uppercase\">Head of Business Development APAC<\/p>\r\n<\/div>\r\n<div class=\"team-member-item team-member-item-3276\"  data-department=\"investments\" data-location=\"zurich\" data-post-id=\"3276\" data-aos=\"fade-up\">\r\n    <div class=\"member-image\">\r\n        <img loading=\"lazy\" decoding=\"async\" width=\"900\" height=\"600\" src=\"https:\/\/eip-backup.swiss-tomato.ch\/wp-content\/uploads\/2023\/11\/Philipp-Laske.jpg\" class=\"attachment-full size-full wp-post-image\" alt=\"\" srcset=\"https:\/\/eip-backup.swiss-tomato.ch\/wp-content\/uploads\/2023\/11\/Philipp-Laske.jpg 900w, https:\/\/eip-backup.swiss-tomato.ch\/wp-content\/uploads\/2023\/11\/Philipp-Laske-300x200.jpg 300w, https:\/\/eip-backup.swiss-tomato.ch\/wp-content\/uploads\/2023\/11\/Philipp-Laske-768x512.jpg 768w\" sizes=\"auto, (max-width: 900px) 100vw, 900px\" \/>    <\/div>\r\n    <h5 class=\"member-name\">Philipp Laske<\/h5>\r\n    <p class=\"member-position uppercase\">INVESTMENTS<\/p>\r\n<\/div>\r\n      <\/div>\r\n      <div class=\"load-more-container\">\r\n        <button id=\"team-load-more-button\" class=\"btn-primary\">Mehr<span class=\"loader\"><\/span><\/button>\r\n      <\/div>\r\n    <\/div>    \r\n  <\/div>\r\n<\/section>","protected":false},"excerpt":{"rendered":"","protected":false},"author":2,"featured_media":0,"parent":0,"menu_order":0,"comment_status":"closed","ping_status":"closed","template":"","meta":{"_acf_changed":false,"_gspb_post_css":"","content-type":"","footnotes":""},"class_list":["post-3739","page","type-page","status-publish","hentry"],"acf":[],"_links":{"self":[{"href":"https:\/\/eip-backup.swiss-tomato.ch\/de\/wp-json\/wp\/v2\/pages\/3739","targetHints":{"allow":["GET"]}}],"collection":[{"href":"https:\/\/eip-backup.swiss-tomato.ch\/de\/wp-json\/wp\/v2\/pages"}],"about":[{"href":"https:\/\/eip-backup.swiss-tomato.ch\/de\/wp-json\/wp\/v2\/types\/page"}],"author":[{"embeddable":true,"href":"https:\/\/eip-backup.swiss-tomato.ch\/de\/wp-json\/wp\/v2\/users\/2"}],"replies":[{"embeddable":true,"href":"https:\/\/eip-backup.swiss-tomato.ch\/de\/wp-json\/wp\/v2\/comments?post=3739"}],"version-history":[{"count":16,"href":"https:\/\/eip-backup.swiss-tomato.ch\/de\/wp-json\/wp\/v2\/pages\/3739\/revisions"}],"predecessor-version":[{"id":5213,"href":"https:\/\/eip-backup.swiss-tomato.ch\/de\/wp-json\/wp\/v2\/pages\/3739\/revisions\/5213"}],"wp:attachment":[{"href":"https:\/\/eip-backup.swiss-tomato.ch\/de\/wp-json\/wp\/v2\/media?parent=3739"}],"curies":[{"name":"wp","href":"https:\/\/api.w.org\/{rel}","templated":true}]}}