{"id":3743,"date":"2023-09-14T13:06:39","date_gmt":"2023-09-14T13:06:39","guid":{"rendered":"https:\/\/eip-backup.swiss-tomato.ch\/our-approach\/"},"modified":"2024-03-18T20:30:00","modified_gmt":"2024-03-18T20:30:00","slug":"unserer-ansatz","status":"publish","type":"page","link":"https:\/\/eip-backup.swiss-tomato.ch\/de\/unserer-ansatz\/","title":{"rendered":"Unser Ansatz"},"content":{"rendered":"\r\n<section \r\n  class=\"stbase-hero-block stbase-block top-margin-80 bottom-margin-80 top-mobile-margin-80 bottom-mobile-margin-40\"\r\n>\r\n  <div class=\"full-width-split-screen\">\r\n    <div class=\"contained\">\r\n      <div data-aos=\"fade-up\">\r\n        <h1 class=\"title\">Unser Ansatz<\/h1><div class=\"description large\"><p>Wir sind auf den Energiesektor spezialisiert und investieren langfristig in qualitativ hochwertige erneuerbare Energien und in systemkritische Energieinfrastruktur \u2013 Anlagen, die eine wichtige Rolle bei der Energy Transition spielen. Unsere geografisch diversifizierten Anlagen leisten einen wichtigen Beitrag f\u00fcr die weltweite Energieversorgung. Dank regulierter oder vertraglich abgesicherter Einkommensstr\u00f6me generieren sie gleichzeitig stabile Cashflows f\u00fcr unsere Investoren.<\/p>\n<\/div>      <\/div>\r\n    <\/div>\r\n    <div class=\"full type-static\">\r\n              <div class=\"static-holder\">\r\n          <img decoding=\"async\" src=\"https:\/\/eip-backup.swiss-tomato.ch\/wp-content\/uploads\/2024\/01\/ET4A1020-1-LinkedIn.png\" alt=\"Unser Ansatz\"> \r\n        <\/div>\r\n          <\/div>\r\n  <\/div>\r\n  <\/section>\n\n\r\n<section \r\n  class=\"stbase-text-video-block stbase-block top-margin-160 bottom-margin-160 top-mobile-margin-40 bottom-mobile-margin-80\"\r\n>\r\n  <div class=\"container type-quote\">   \r\n    <div class=\"texts\" data-aos=\"fade-up\">\r\n              <h2 class=\"quote\">Als bevorzugter Partner von f\u00fchrenden Industrieunternehmen rund um die Welt erhalten wir exklusiven Zugang zu propriet\u00e4ren Anlagem\u00f6glichkeiten.<\/h2>\r\n          <\/div>\r\n    <div class=\"video\">\r\n      <video preload=\"auto\" autoplay muted loop class=\"skeleton\">\r\n        <source src=\"https:\/\/eip-backup.swiss-tomato.ch\/wp-content\/uploads\/2023\/11\/EIP-Partnership-Approach.mp4\" type=\"video\/mp4\">\r\n        Your browser does not support the video tag.\r\n      <\/video> \r\n      <span class=\"svg-holder\">\r\n        <svg xmlns=\"http:\/\/www.w3.org\/2000\/svg\" width=\"24\" height=\"25\" viewBox=\"0 0 24 25\" fill=\"none\">\r\n          <path fill-rule=\"evenodd\" clip-rule=\"evenodd\" d=\"M4.5 6.15257C4.5 4.72644 6.029 3.82239 7.2786 4.50967L18.8192 10.857C20.1144 11.5694 20.1144 13.4304 18.8192 14.1428L7.2786 20.4901C6.029 21.1774 4.5 20.2733 4.5 18.8472V6.15257Z\" fill=\"white\"\/>\r\n        <\/svg>\r\n      <\/span>\r\n    <\/div>\r\n  <\/div>\r\n  <dialog class=\"text-video-dialog video-item-dialog\">\r\n        <span class=\"dialog-close\">\r\n      <svg class=\"close\" xmlns=\"http:\/\/www.w3.org\/2000\/svg\" width=\"24\" height=\"24\" viewBox=\"0 0 24 24\" fill=\"none\">\r\n        <path d=\"M4 4L20 20M4 20L20 4L4 20Z\" stroke=\"#004EB1\" stroke-linecap=\"round\" stroke-linejoin=\"round\"\/>\r\n      <\/svg>\r\n    <\/span>\r\n          <div class='embed-container'>\r\n        <a href=\"https:\/\/www.youtube.com\/watch?v=X2v1jzavf7o\" target=\"_blank\" rel=\"noopener\">https:\/\/www.youtube.com\/watch?v=X2v1jzavf7o<\/a>      <\/div>\r\n            <div class=\"video-description\">\r\n            <p>Die vorgestellten Unternehmen dienen lediglich illustrativen Zwecken, um die vergangene Aktivit\u00e4t von EIP zu pr\u00e4sentieren.\r\nDiese Website stellt keine Marketingkommunikation\/Werbung\/Finanzf\u00f6rderung in Bezug auf Fonds, Wertpapiere, Finanzinstrumente oder sonstige Finanzdienstleistungen oder -produkte dar. Bitte kontaktieren Sie unser Team, wenn Sie weitere Informationen w\u00fcnschen.<\/p>\r\n        <\/div>\r\n      <\/dialog>\r\n  <script>\r\n    const dialog3743 = document.querySelector(\"dialog.text-video-dialog\");\r\n    const videotrigger3743 = document.querySelector(\".stbase-text-video-block .video\");\r\n    const dialogclose3743 = document.querySelector(\"dialog.text-video-dialog .dialog-close\");\r\n    let iframeContentHTML3743 = jQuery(dialog3743).find('.embed-container').children().first();\r\n    let iframeDetached3743 = false; \r\n\r\n    videotrigger3743.addEventListener('click', () => {\r\n        if (iframeDetached3743) {\r\n            jQuery(iframeContentHTML3743).appendTo(jQuery(dialog3743).find('.embed-container'));\r\n            iframeDetached3743 = false; \r\n        }\r\n        dialog3743.showModal();\r\n\r\n        let iframe3743 = jQuery(dialog3743).find('iframe');\r\n        if (iframe3743.length > 0) {\r\n            var currentSrc3743 = iframe3743.attr('src');\r\n\r\n            if (currentSrc3743.indexOf('?autoplay=1') === -1) {\r\n                var newSrc3743 = currentSrc3743 + (currentSrc3743.indexOf('?') !== -1 ? '&' : '?') + 'autoplay=1';\r\n                iframe3743.attr('src', newSrc3743);\r\n            }\r\n        } \r\n        \r\n        let shVideo3743 = jQuery('dialog.text-video-dialog').find('video');\r\n        if (shVideo3743.length > 0) {\r\n            shVideo3743[0].play();\r\n        }\r\n    });\r\n\r\n    dialogclose3743.addEventListener('click', () => {\r\n        jQuery(dialog3743).find('.embed-container').children().first().detach();\r\n        iframeDetached3743 = true;\r\n        dialog3743.close();\r\n    });\r\n\r\n    function onClick(event) {\r\n        if (event.target === dialog3743) {\r\n            jQuery(dialog3743).find('.embed-container').children().first().detach();\r\n            iframeDetached3743 = true;\r\n            dialog3743.close();\r\n        }\r\n    }\r\n\r\n    dialog3743.addEventListener(\"click\", onClick);\r\n  <\/script>\r\n<\/section>\n\n\r\n<section \r\n  class=\"stbase-text-image-block stbase-block top-margin-20 bottom-margin-160 top-mobile-margin-80 bottom-mobile-margin-80\"\r\n>\r\n  <div class=\"container layout-image-text\">\r\n    <div class=\"image-holder height-full wide-\">\r\n      <img decoding=\"async\" src=\"https:\/\/eip-backup.swiss-tomato.ch\/wp-content\/uploads\/2023\/10\/9d16e009267bc6c94ed0d955ac7d43521.jpg\" alt=\"Mehrwert schaffen\" class=\"text-image\">\r\n    <\/div>  \r\n    <div class=\"content-holder\" data-aos=\"fade-up\">\r\n      <h2 class=\"title\">Mehrwert <em>schaffen<\/em><\/h2>\r\n      <div class=\"text large tight-no\"><p>Unser Sektorfokus und unser einzigartiges globales Netzwerk erm\u00f6glichen uns eine proaktive Selektion und die Entwicklung qualitativ hochwertiger, propriet\u00e4rer Investitionen. Wir st\u00fctzen uns auf unser Fachwissen und unser engagiertes internes Team, um ehrgeizige Wachstumspl\u00e4ne f\u00fcr unsere Anlagen zu erarbeiten und zu implementieren. Diese bew\u00e4hrte und langfristige Zusammenarbeit erm\u00f6glicht es uns, unseren Stakeholdern auf allen Ebenen einen krisenresistenten Mehrwert zu bieten.<\/p>\n<\/div>\r\n          <\/div>  \r\n  <\/div>\r\n<\/section>\n\n\r\n<section \r\n  class=\"stbase-text-image-block stbase-block top-margin-160 bottom-margin-160 top-mobile-margin-80 bottom-mobile-margin-80\"\r\n>\r\n  <div class=\"container layout-text-image\">\r\n    <div class=\"image-holder height-full wide-no\">\r\n      <img decoding=\"async\" src=\"https:\/\/eip-backup.swiss-tomato.ch\/wp-content\/uploads\/2023\/09\/c19b43a9c7f01465ae3794428a2a17ad1.jpg\" alt=\"Risikomanagement\" class=\"text-image\">\r\n    <\/div>  \r\n    <div class=\"content-holder\" data-aos=\"fade-up\">\r\n      <h2 class=\"title\"><em>Risikomanagement<\/em><\/h2>\r\n      <div class=\"text large tight-no\"><p>Das Risikomanagement ist ein integraler Bestandteil unseres Investment-Management-Ansatzes. Um Risiken proaktiv zu adressieren, beobachten wir permanent das Risikoumfeld unserer verwalteten Anlagen. Ein engagiertes Team f\u00fcr Risikomanagement und die Experten, die f\u00fcr die jeweilige Anlage verantwortlich sind, gew\u00e4hrleisten die Anwendung von Best-Practice-Standards.<\/p>\n<\/div>\r\n          <\/div>  \r\n  <\/div>\r\n<\/section>","protected":false},"excerpt":{"rendered":"","protected":false},"author":1,"featured_media":0,"parent":0,"menu_order":0,"comment_status":"closed","ping_status":"closed","template":"","meta":{"_acf_changed":false,"_gspb_post_css":"","content-type":"","footnotes":""},"class_list":["post-3743","page","type-page","status-publish","hentry"],"acf":[],"_links":{"self":[{"href":"https:\/\/eip-backup.swiss-tomato.ch\/de\/wp-json\/wp\/v2\/pages\/3743","targetHints":{"allow":["GET"]}}],"collection":[{"href":"https:\/\/eip-backup.swiss-tomato.ch\/de\/wp-json\/wp\/v2\/pages"}],"about":[{"href":"https:\/\/eip-backup.swiss-tomato.ch\/de\/wp-json\/wp\/v2\/types\/page"}],"author":[{"embeddable":true,"href":"https:\/\/eip-backup.swiss-tomato.ch\/de\/wp-json\/wp\/v2\/users\/1"}],"replies":[{"embeddable":true,"href":"https:\/\/eip-backup.swiss-tomato.ch\/de\/wp-json\/wp\/v2\/comments?post=3743"}],"version-history":[{"count":10,"href":"https:\/\/eip-backup.swiss-tomato.ch\/de\/wp-json\/wp\/v2\/pages\/3743\/revisions"}],"predecessor-version":[{"id":5064,"href":"https:\/\/eip-backup.swiss-tomato.ch\/de\/wp-json\/wp\/v2\/pages\/3743\/revisions\/5064"}],"wp:attachment":[{"href":"https:\/\/eip-backup.swiss-tomato.ch\/de\/wp-json\/wp\/v2\/media?parent=3743"}],"curies":[{"name":"wp","href":"https:\/\/api.w.org\/{rel}","templated":true}]}}