{"id":3747,"date":"2023-09-14T13:07:07","date_gmt":"2023-09-14T13:07:07","guid":{"rendered":"https:\/\/eip-backup.swiss-tomato.ch\/history\/"},"modified":"2024-03-18T20:29:55","modified_gmt":"2024-03-18T20:29:55","slug":"unsere-geschichte","status":"publish","type":"page","link":"https:\/\/eip-backup.swiss-tomato.ch\/de\/unsere-geschichte\/","title":{"rendered":"Unsere Geschichte"},"content":{"rendered":"\r\n<section \r\n  class=\"stbase-hero-block stbase-block top-margin-80 bottom-margin-80 top-mobile-margin-80 bottom-mobile-margin-80\"\r\n>\r\n  <div class=\"full-width-split-screen\">\r\n    <div class=\"contained\">\r\n      <div data-aos=\"fade-up\">\r\n        <h1 class=\"title\">Unsere Geschichte<\/h1><div class=\"description large\"><p>Unsere Unternehmensgeschichte begann mit der Vision Energieinfrastruktur zu einem investierbaren Sektor f\u00fcr Schweizer Pensionskassen zu machen. Zehn Prozent aller Schweizer Pensionskassen haben sich seither daf\u00fcr entschieden und uns zu einer der gr\u00f6ssten Anlagegruppe im Bereich Schweizer Energieinfrastruktur gemacht.<\/p>\n<p>Heute verwalten wir CHF 7 Milliarden und sind weltweit t\u00e4tig. Wir verf\u00fcgen \u00fcber ein umfangreiches Branchennetzwerk, eine breite Transaktionserfahrung und Partnerschaften mit f\u00fchrenden Industrieunternehmen und der \u00f6ffentlichen Hand. Dies erm\u00f6glicht es uns, globale Anlagel\u00f6sungen f\u00fcr unsere Investoren zu entwickeln und zu verwalten.<\/p>\n<\/div>      <\/div>\r\n    <\/div>\r\n    <div class=\"full type-static\">\r\n              <div class=\"static-holder\">\r\n          <img decoding=\"async\" src=\"https:\/\/eip-backup.swiss-tomato.ch\/wp-content\/uploads\/2023\/10\/952fae16869fe2fbc188f8bbb65a95181.jpg\" alt=\"Unsere Geschichte\"> \r\n        <\/div>\r\n          <\/div>\r\n  <\/div>\r\n  <\/section>\n\n\r\n<section \r\n  class=\"stbase-text-image-block stbase-block top-margin-120 bottom-margin-80 top-mobile-margin-80 bottom-mobile-margin-80\"\r\n>\r\n  <div class=\"container layout-image-text\">\r\n    <div class=\"image-holder height-partial wide-\">\r\n      <img decoding=\"async\" src=\"https:\/\/eip-backup.swiss-tomato.ch\/wp-content\/uploads\/2023\/11\/51823da42df53a206178f099cdfe741e1.jpg\" alt=\"Unsere Reise\" class=\"text-image\">\r\n    <\/div>  \r\n    <div class=\"content-holder\" data-aos=\"fade-up\">\r\n      <h2 class=\"title\">Unsere <em>Reise<\/em><\/h2>\r\n      <div class=\"text large tight-no\"><p>Nach jahrelanger T\u00e4tigkeit als enger Berater f\u00fcr die Energiebranche gr\u00fcndete Roland D\u00f6rig Energy Infrastructure Partners als Joint Venture mit der Credit Suisse im Jahr 2014. Zehn Jahre sp\u00e4ter sind wir ein vollst\u00e4ndig unabh\u00e4ngiges Unternehmen, dessen Eigent\u00fcmer Herrn D\u00f6rig, unser Management und unser Team sind. Im Laufe der Jahre haben wir eine beispiellose Erfolgsbilanz als vertrauensw\u00fcrdiger und spezialisierter Investor aufgebaut, der in enger Partnerschaft mit f\u00fchrenden Energieunternehmen und dem \u00f6ffentlichen Sektor arbeitet.<\/p>\n<p>Von Anfang an haben wir ausschlie\u00dflich in erstklassige Energieanlagen investiert, die die Dekarbonisierung vorantreiben und die Sicherheit der Energieversorgung erh\u00f6hen &#8211; Infrastruktur, die f\u00fcr den nachhaltigen Umbau des Energiesektors von entscheidender Bedeutung ist.<\/p>\n<p>Mit Lizenzen als Verwalter von kollektiven Verm\u00f6genswerten von der Eidgen\u00f6ssischen Finanzmarktaufsicht (FINMA) und als Alternative Investment Fund Manager (AIFM) von der Commission de Surveillance du Secteur Financier (CSSF), der Finanzaufsicht Luxemburgs, bieten wir unseren Kunden einen umf\u00e4nglichen Service, von der Investition bis zum Fondsmanagement.<\/p>\n<\/div>\r\n          <\/div>  \r\n  <\/div>\r\n<\/section>\n\n\r\n<section \r\n  class=\"stbase-text-image-block stbase-block top-margin-160 bottom-margin-160 top-mobile-margin-80 bottom-mobile-margin-80\"\r\n>\r\n  <div class=\"container layout-text-image\">\r\n    <div class=\"image-holder height-full wide-yes\">\r\n      <img decoding=\"async\" src=\"https:\/\/eip-backup.swiss-tomato.ch\/wp-content\/uploads\/2023\/10\/EIP_logo-history.png\" alt=\"Unser Logo\" class=\"text-image\">\r\n    <\/div>  \r\n    <div class=\"content-holder\" data-aos=\"fade-up\">\r\n      <h2 class=\"title\">Unser <em>Logo<\/em><\/h2>\r\n      <div class=\"text large tight-no\"><p>Unsere Werte und unser Investitionsansatz bilden den Kern unseres Logos. W\u00e4hrend das Schild f\u00fcr die Widerstandsf\u00e4higkeit und den defensiven Charakter der Energieinfrastruktur als Anlageklasse steht, symbolisiert der Speer das aktive Management von Risiken und Nachhaltigkeitsfaktoren, womit wir langfristigen Mehrwert f\u00fcr unsere Investoren schaffen. Wir sind stolz auf unsere Schweizer Wurzeln und leben Werte wie Stabilit\u00e4t, Unabh\u00e4ngigkeit, Zuverl\u00e4ssigkeit und Leistungsbereitschaft.<\/p>\n<\/div>\r\n          <\/div>  \r\n  <\/div>\r\n<\/section>\n\n\r\n<section \r\n  class=\"stbase-text-image-block stbase-block top-margin-160 bottom-margin-160 top-mobile-margin-80 bottom-mobile-margin-80\"\r\n>\r\n  <div class=\"container layout-image-text\">\r\n    <div class=\"image-holder height-full wide-\">\r\n      <img decoding=\"async\" src=\"https:\/\/eip-backup.swiss-tomato.ch\/wp-content\/uploads\/2023\/10\/b6ad7f96b1b02384922d650252772d9c.jpg\" alt=\"Unsere DNA\" class=\"text-image\">\r\n    <\/div>  \r\n    <div class=\"content-holder\" data-aos=\"fade-up\">\r\n      <h2 class=\"title\">Unsere <em>DNA<\/em><\/h2>\r\n      <div class=\"text large tight-no\"><p>Unsere Geschichte l\u00e4sst sich bis zu den Verdiensten Alfred Eschers zur\u00fcckverfolgen. Er z\u00e4hlt zu den bekanntesten Schweizer Pers\u00f6nlichkeiten des 19. Jahrhunderts, gilt als Gr\u00fcnder der modernen Infrastruktur der Schweiz und konnte durch den Gotthardtunnel Nord- und S\u00fcdeuropa miteinander verbinden. Eschers Vision machte die Entwicklung der Infrastruktur in der Schweiz zu einer politischen und wirtschaftlichen Priorit\u00e4t und f\u00fchrte zur Gr\u00fcndung der Eidgen\u00f6ssischen Technischen Hochschule (ETH) und der Schweizerischen Kreditanstalt.<\/p>\n<\/div>\r\n          <\/div>  \r\n  <\/div>\r\n<\/section>","protected":false},"excerpt":{"rendered":"","protected":false},"author":1,"featured_media":0,"parent":0,"menu_order":0,"comment_status":"closed","ping_status":"closed","template":"","meta":{"_acf_changed":false,"_gspb_post_css":"","content-type":"","footnotes":""},"class_list":["post-3747","page","type-page","status-publish","hentry"],"acf":[],"_links":{"self":[{"href":"https:\/\/eip-backup.swiss-tomato.ch\/de\/wp-json\/wp\/v2\/pages\/3747","targetHints":{"allow":["GET"]}}],"collection":[{"href":"https:\/\/eip-backup.swiss-tomato.ch\/de\/wp-json\/wp\/v2\/pages"}],"about":[{"href":"https:\/\/eip-backup.swiss-tomato.ch\/de\/wp-json\/wp\/v2\/types\/page"}],"author":[{"embeddable":true,"href":"https:\/\/eip-backup.swiss-tomato.ch\/de\/wp-json\/wp\/v2\/users\/1"}],"replies":[{"embeddable":true,"href":"https:\/\/eip-backup.swiss-tomato.ch\/de\/wp-json\/wp\/v2\/comments?post=3747"}],"version-history":[{"count":24,"href":"https:\/\/eip-backup.swiss-tomato.ch\/de\/wp-json\/wp\/v2\/pages\/3747\/revisions"}],"predecessor-version":[{"id":5063,"href":"https:\/\/eip-backup.swiss-tomato.ch\/de\/wp-json\/wp\/v2\/pages\/3747\/revisions\/5063"}],"wp:attachment":[{"href":"https:\/\/eip-backup.swiss-tomato.ch\/de\/wp-json\/wp\/v2\/media?parent=3747"}],"curies":[{"name":"wp","href":"https:\/\/api.w.org\/{rel}","templated":true}]}}