{"id":3795,"date":"2023-11-09T13:28:02","date_gmt":"2023-11-09T13:28:02","guid":{"rendered":"https:\/\/eip-backup.swiss-tomato.ch\/esg\/"},"modified":"2024-03-28T09:32:16","modified_gmt":"2024-03-28T09:32:16","slug":"nachhaltigkeit","status":"publish","type":"page","link":"https:\/\/eip-backup.swiss-tomato.ch\/de\/nachhaltigkeit\/","title":{"rendered":"Nachhaltigkeit"},"content":{"rendered":"\r\n<section \r\n  class=\"stbase-hero-block stbase-block top-margin-80 bottom-margin-80 top-mobile-margin-80 bottom-mobile-margin-80\"\r\n>\r\n  <div class=\"full-width-split-screen\">\r\n    <div class=\"contained\">\r\n      <div data-aos=\"fade-up\">\r\n        <h1 class=\"title\">Nachhaltigkeit in unserem Investitionsansatz<\/h1><div class=\"description large\"><p>Nachhaltigkeit ist ein wesentlicher Bestandteil unseres Investitionsprozesses. Seit einem Jahrzehnt investieren wir in eine sichere und dekarbonisierte Energieversorgung. Unsere Anlagen spielen eine Schl\u00fcsselrolle bei der Energy Transition und tragen so zu einer positiven gesellschaftlichen Entwicklung bei.<\/p>\n<\/div>      <\/div>\r\n    <\/div>\r\n    <div class=\"full type-static\">\r\n              <div class=\"static-holder\">\r\n          <img decoding=\"async\" src=\"https:\/\/eip-backup.swiss-tomato.ch\/wp-content\/uploads\/2023\/10\/97308918718275b477c97023bf62cca6.jpg\" alt=\"Nachhaltigkeit\"> \r\n        <\/div>\r\n          <\/div>\r\n  <\/div>\r\n  <\/section>\n\n\r\n<section \r\n  class=\"stbase-team-quote-block stbase-block top-margin-80 bottom-margin-80 top-mobile-margin-80 bottom-mobile-margin-80\"\r\n>\r\n  <div class=\"container\">\r\n    <div class=\"member-image\">\r\n      <img decoding=\"async\" src=\"https:\/\/eip-backup.swiss-tomato.ch\/wp-content\/uploads\/2023\/10\/cf95557173f08aa52839821de3c627ec1.jpg\" alt=\"Pelayo Men\u00e9ndez Calvo\">\r\n    <\/div>\r\n    <div class=\"quote-content\" data-aos=\"fade-up\">\r\n      <div class=\"quote\">\r\n        <p>\u201cF\u00fcr uns ist es entscheidend, Nachhaltigkeitsfaktoren in unsere Gesch\u00e4ftst\u00e4tigkeit zu integrieren und in Unternehmen und Projekte zu investieren, die diese Einstellung teilen.\u201d<\/p>\n      <\/div>\r\n      <div class=\"member-info\">\r\n        <p class=\"name large\">Pelayo Men\u00e9ndez Calvo<\/p>\r\n        <svg xmlns=\"http:\/\/www.w3.org\/2000\/svg\" width=\"9\" height=\"8\" viewBox=\"0 0 9 8\" fill=\"none\">\r\n          <circle cx=\"4.5\" cy=\"4\" r=\"4\" fill=\"#D9E2E9\"\/>\r\n        <\/svg>\r\n        <p class=\"position large\">Head ESG<\/p>\r\n      <\/div>\r\n    <\/div>\r\n  <\/div>\r\n<\/section>\n\n\r\n<section \r\n  class=\"stbase-tabs-block stbase-block top-margin-160 bottom-margin-80 top-mobile-margin-80 bottom-mobile-margin-80\"\r\n>\r\n  <div class=\"container\">\r\n          <div class=\"tab-container\">\r\n        <div class=\"tab-header\">\r\n                      <div class=\"tab-button tab-button-1 active\" onclick=\"openTab(1)\">Sustainable finance report<\/div>\r\n                        <div class=\"tab-button tab-button-2 active\" onclick=\"openTab(2)\">Nachhaltigkeitsbezogene Offenlegung<\/div>\r\n                        <div class=\"tab-button tab-button-3 active\" onclick=\"openTab(3)\">Umsetzung<\/div>\r\n                        <div class=\"tab-button tab-button-4 active\" onclick=\"openTab(4)\">Kennzahlen<\/div>\r\n                    <\/div>\r\n        <div class=\"tab-contents\">\r\n                          <div class=\"tab-content\" id=\"tab1\">\r\n                                                                                          <div class=\"flexible text-image wider-image\">\r\n                              <div class=\"text-content\" data-aos=\"fade-up\">\r\n                                                                  <h2 class=\"title\">Unser 2022 Sustainable Finance Report<\/h2>\r\n                                                                <div class=\"description large\">\r\n                                  <p>Dieser Bericht zeigt unsere Fortschritte auf dem Weg zu einer nachhaltigeren und widerstandsf\u00e4higeren Zukunft auf. Wir stellen darin unsere Ergebnisse und Aktivit\u00e4ten im Bereich der Nachhaltigkeit vor.<\/p>\n                                <\/div>\r\n                                                                  <a href=\"\/wp-content\/uploads\/2023\/11\/EIP-Sustainable-Finance-Report-2022.pdf\">\r\n                                    <button class=\"btn-primary\">\r\n                                      Report herunterladen                                    <\/button>\r\n                                  <\/a>\r\n                                                              <\/div>\r\n                              <div class=\"image-content radius-no tall-no\">\r\n                                <img decoding=\"async\" src=\"https:\/\/eip-backup.swiss-tomato.ch\/wp-content\/uploads\/2023\/10\/8-1.png\" alt=\"Unser 2022 Sustainable Finance Report\">\r\n                              <\/div>\r\n                            <\/div>\r\n                                                          <\/div>\r\n                                <div class=\"tab-content\" id=\"tab2\">\r\n                                                                                          <div class=\"flexible text-image wider-text\">\r\n                              <div class=\"text-content\" data-aos=\"fade-up\">\r\n                                                                <div class=\"description large\">\r\n                                  <h4>Begr\u00fcndung f\u00fcr die freiwillige Offenlegung<\/h4>\n<p>Bei Energy Infrastructure Partners AG (\u201eEIP\u201c) halten wir es f\u00fcr wichtig, Nachhaltigkeitsfaktoren in jedem Transaktions- und Investitionszyklus zu bemessen und zu managen. Gem\u00e4ss der Verordnung (EU) 2019\/2088 \u00fcber nachhaltigkeitsbezogene Offenlegungspflichten im Finanzdienstleistungssektor (\u201eSFDR\u201c) sind Nachhaltigkeitsfaktoren definiert als Umwelt-, Sozial- und Arbeitnehmerbelange, Achtung der Menschenrechte sowie die Bek\u00e4mpfung von Korruption und Bestechung. Obwohl die SFDR auf Unternehmensebene EIP AG nicht direkt betrifft, sind wir der Ansicht, dass die SFDR einen passenden Rahmen f\u00fcr das Offenlegen entsprechender nachhaltigkeitsbezogener Angaben darstellt. Dies gilt insbesondere in Anbetracht unserer Funktion als beauftragter Portfoliomanager f\u00fcr in der EU domizilierte Fonds.<\/p>\n<p>Im Rahmen unseres Engagements f\u00fcr Nachhaltigkeit und f\u00fcr ein robustes ESG-Management bei allen Fonds, die wir verwalten, ver\u00f6ffentlichen wir die im folgenden aufgef\u00fchrten Informationen.<\/p>\n<h4>\u202fIntegration von Nachhaltigkeitsfaktoren<\/h4>\n<p>Die EIP Richtlinien f\u00fcr Nachhaltigkeitsrisiken (Sustainability Risk Policy) erl\u00e4utert im Detail, wie wir Nachhaltigkeits faktoren in unseren Investitions-Entscheidungsprozess integrieren. Dies geschieht durch ein engagiertes und erfahrenes internes ESG-Team, welches eng mit anderen Teams zusammenarbeitet. Somit stellen wir sicher, dass Nachhaltigkeitsfaktoren und -risiken, w\u00e4hrend der Due-Diligence-Phase und der Verm\u00f6gensverwaltung gut gemanagt werden.<\/p>\n<p>Die Anwendbarkeit und Relevanz von Nachhaltigkeitsfaktoren variieren je nach Anlagem\u00f6glichkeiten und Verm\u00f6genswerten. Nachhaltigkeitsfaktoren k\u00f6nnen sowohl Risiken als auch Chancen darstellen, die zun\u00e4chst identifiziert und beurteilt, und anschliessend \u00fcberwacht, gemanagt und\/oder genutzt werden m\u00fcssen. Daher stellen wir sicher, dass Nachhaltigkeitsfaktoren in der Ausgestaltung, Priorisierung und Durchf\u00fchrung der Due-Diligence Phase und der Verm\u00f6gensverwaltung angemessen ber\u00fccksichtigt werden, und die Nachhaltigkeits-Performance des Portfoliounternehmens entsprechend \u00fcberwacht wird.<\/p>\n<p>Gegebenenfalls nutzen wir auch unseren Einfluss (der je nach Portfolio variiert), damit Massnahmen zur Verbesserung des ESG- Performance in \u00dcbereinstimmung mit internationalen Best Practices ergriffen werden.<\/p>\n<p>Weitere Informationen, wie wir Nachhaltigkeitsrisiken in unsere Anlageentscheidungen einbeziehen, finden Sie <a href=\"https:\/\/eip-backup.swiss-tomato.ch\/wp-content\/uploads\/2024\/03\/Sustainability-Risk-Policy_Summary_EIP-AG_Nov_2023.pdf\">hier<\/a> in einer Zusammenfassung unserer Richtlinien f\u00fcr Nachhaltigkeitsrisiken (English).<\/p>\n<h4>Nachteilige Nachhaltigkeitsauswirkungen<\/h4>\n<p>Bei EIP ber\u00fccksichtigen wir nachteilige Auswirkungen auf die Nachhaltigkeit in allen von uns verwalteten Portfolios und w\u00e4hrend des gesamten Investitionszyklus \u2013 von der fr\u00fchen Due-Diligence-Phase bis hin zur Verm\u00f6gensverwaltung und zum Verkauf.<\/p>\n<h4>Verg\u00fctungspolitik in Bezug auf die Integration von Nachhaltigkeitsrisiken<\/h4>\n<p>Unsere Verg\u00fctungspolitik belohnt \u00fcberm\u00e4ssige Risikobereitschaft nicht \u2013 auch nicht hinsichtlich Nachhaltigkeitsrisiken. Sie zielt auf den Einklang der von uns eingegangenen Risiken (und der Entscheidungen unserer Mitarbeitenden und des Senior Management) mit denen der von uns verwalteten Verm\u00f6genswerte und mit den Interessen unserer Anleger.<\/p>\n<h4>Zus\u00e4tzliche Offenlegungen<\/h4>\n<div id=\"ai-conversation-container-chat\">\n<div id=\"ai-display-conversation-chat\">\n<div class=\"card\">\n<div class=\"card-body\">\n<div>\n<div class=\"row\">\n<div class=\"col\">\n<div id=\"ai-streaming-window\">\n<p>F\u00fcr nachhaltigkeitsbezogene Offenlegungen in Bezug auf Energy Infrastructure Partners Luxembourg S.\u00e0 r.l, dem alternativen Investmentfondsmanager mit Sitz in Luxemburg, folgen Sie bitte <a href=\"https:\/\/eip-backup.swiss-tomato.ch\/de\/office\/luxemburg\/\">diesem Link.<\/a><\/p>\n<\/div>\n<\/div>\n<\/div>\n<\/div>\n<\/div>\n<\/div>\n<\/div>\n<\/div>\n                                <\/div>\r\n                                                              <\/div>\r\n                              <div class=\"image-content radius-yes tall-yes\">\r\n                                <img decoding=\"async\" src=\"https:\/\/eip-backup.swiss-tomato.ch\/wp-content\/uploads\/2023\/11\/055670a4bf9394409369c94afb67bc5d1.jpg\" alt=\"\">\r\n                              <\/div>\r\n                            <\/div>\r\n                                                          <\/div>\r\n                                <div class=\"tab-content\" id=\"tab3\">\r\n                                                                                          <div class=\"flexible text-image wider-image\">\r\n                              <div class=\"text-content\" data-aos=\"fade-up\">\r\n                                                                  <h2 class=\"title\">Umsetzung<\/h2>\r\n                                                                <div class=\"description large\">\r\n                                  <p>Wir anerkennen die Bedeutung von Nachhaltigkeitsrisiken f\u00fcr Investoren, lokale Gemeinschaften, die Umwelt und die Artenvielfalt. Daher sind wir bestrebt, diese Risiken zu erkennen und entsprechend zu mindern. Dar\u00fcber hinaus sind wir \u00fcberzeugt, dass langfristige Investoren profitieren, wenn Portfoliounternehmen Nachhaltigkeitsfaktoren aktiv managen. Bei EIP integrieren wir daher Nachhaltigkeitsfaktoren vollst\u00e4ndig in den gesamten Investitionszyklus (siehe Infografik).<\/p>\n                                <\/div>\r\n                                                              <\/div>\r\n                              <div class=\"image-content radius-yes tall-no\">\r\n                                <img decoding=\"async\" src=\"https:\/\/eip-backup.swiss-tomato.ch\/wp-content\/uploads\/2024\/03\/ESG_Implementation_DE.svg\" alt=\"Umsetzung\">\r\n                              <\/div>\r\n                            <\/div>\r\n                                                          <\/div>\r\n                                <div class=\"tab-content\" id=\"tab4\">\r\n                                                                                          <div class=\"flexible image-only\">\r\n                                                              <img decoding=\"async\" src=\"https:\/\/eip-backup.swiss-tomato.ch\/wp-content\/uploads\/2024\/03\/SFG_Graph_Horizontal.svg\" alt=\"\">\r\n                                                          <\/div>\r\n                                                          <\/div>\r\n                        <\/div>\r\n      <\/div>\r\n      <\/div>\r\n  <script>\r\n    function openTab(tabNumber) {\r\n      const tabButtons = document.querySelectorAll(\".tab-button\");\r\n      const tabContents = document.querySelectorAll(\".tab-content\");\r\n\r\n      tabContents.forEach((content) => {\r\n        content.style.display = \"none\";\r\n      });\r\n\r\n      tabButtons.forEach((button) => {\r\n        button.classList.remove(\"active\");\r\n      });\r\n\r\n      document.getElementById(`tab${tabNumber}`).style.display = \"block\";\r\n\r\n      tabButtons[tabNumber - 1].classList.add(\"active\");\r\n    }\r\n\r\n    openTab(1);\r\n  <\/script>\r\n  <\/section>\n\n\r\n<section \r\n  class=\"stbase-text-video-block stbase-block top-margin-80 bottom-margin-80 top-mobile-margin-80 bottom-mobile-margin-80\"\r\n>\r\n  <div class=\"container type-title-text\">   \r\n    <div class=\"texts\" data-aos=\"fade-up\">\r\n              <h2>Nachhaltigkeit bei EIP<\/h2>\r\n        <p class=\"large\">Mit der Verwaltung von Fonds, die in Energieinfrastruktur investieren, leisten wir einen Beitrag zur Energy Transition und zu einer dekarbonisierten Zukunft. Wir nutzen die Ziele f\u00fcr nachhaltige Entwicklung der Vereinten Nationen (Sustainable Development Goals, SDGs) als \u00fcbergreifenden Rahmen zur Darstellung unseres Beitrags. Wir verbessern kontinuierlich die Methoden, mit denen wir die positiven Auswirkungen der von uns verwalteten Anlagen messen.<\/p>\r\n              <a href=\"https:\/\/www.youtube.com\/watch?v=pfvXsIMf2M0\" target=\"_blank\" rel=\"noopener\">\r\n          <button class=\"btn-primary\">\r\n            ESG Video ansehen          <\/button>\r\n        <\/a>\r\n          <\/div>\r\n    <div class=\"video\">\r\n      <video preload=\"auto\" autoplay muted loop class=\"skeleton\">\r\n        <source src=\"https:\/\/eip-backup.swiss-tomato.ch\/wp-content\/uploads\/2023\/11\/EIP-Sustainability.mp4\" type=\"video\/mp4\">\r\n        Your browser does not support the video tag.\r\n      <\/video> \r\n      <span class=\"svg-holder\">\r\n        <svg xmlns=\"http:\/\/www.w3.org\/2000\/svg\" width=\"24\" height=\"25\" viewBox=\"0 0 24 25\" fill=\"none\">\r\n          <path fill-rule=\"evenodd\" clip-rule=\"evenodd\" d=\"M4.5 6.15257C4.5 4.72644 6.029 3.82239 7.2786 4.50967L18.8192 10.857C20.1144 11.5694 20.1144 13.4304 18.8192 14.1428L7.2786 20.4901C6.029 21.1774 4.5 20.2733 4.5 18.8472V6.15257Z\" fill=\"white\"\/>\r\n        <\/svg>\r\n      <\/span>\r\n    <\/div>\r\n  <\/div>\r\n  <dialog class=\"text-video-dialog video-item-dialog\">\r\n        <span class=\"dialog-close\">\r\n      <svg class=\"close\" xmlns=\"http:\/\/www.w3.org\/2000\/svg\" width=\"24\" height=\"24\" viewBox=\"0 0 24 24\" fill=\"none\">\r\n        <path d=\"M4 4L20 20M4 20L20 4L4 20Z\" stroke=\"#004EB1\" stroke-linecap=\"round\" stroke-linejoin=\"round\"\/>\r\n      <\/svg>\r\n    <\/span>\r\n          <div class='embed-container'>\r\n        <iframe loading=\"lazy\" title=\"EIP sustainability approach\" width=\"640\" height=\"360\" src=\"https:\/\/www.youtube.com\/embed\/pfvXsIMf2M0?feature=oembed\" frameborder=\"0\" allow=\"accelerometer; autoplay; clipboard-write; encrypted-media; gyroscope; picture-in-picture; web-share\" referrerpolicy=\"strict-origin-when-cross-origin\" allowfullscreen><\/iframe>      <\/div>\r\n            <div class=\"video-description\">\r\n            <p>Die vorgestellten Unternehmen dienen lediglich illustrativen Zwecken, um die vergangene Aktivit\u00e4t von EIP zu pr\u00e4sentieren.\r\nDiese Website stellt keine Marketingkommunikation\/Werbung\/Finanzf\u00f6rderung in Bezug auf Fonds, Wertpapiere, Finanzinstrumente oder sonstige Finanzdienstleistungen oder -produkte dar. Bitte kontaktieren Sie unser Team, wenn Sie weitere Informationen w\u00fcnschen.<\/p>\r\n        <\/div>\r\n      <\/dialog>\r\n  <script>\r\n    const dialog3795 = document.querySelector(\"dialog.text-video-dialog\");\r\n    const videotrigger3795 = document.querySelector(\".stbase-text-video-block .video\");\r\n    const dialogclose3795 = document.querySelector(\"dialog.text-video-dialog .dialog-close\");\r\n    let iframeContentHTML3795 = jQuery(dialog3795).find('.embed-container').children().first();\r\n    let iframeDetached3795 = false; \r\n\r\n    videotrigger3795.addEventListener('click', () => {\r\n        if (iframeDetached3795) {\r\n            jQuery(iframeContentHTML3795).appendTo(jQuery(dialog3795).find('.embed-container'));\r\n            iframeDetached3795 = false; \r\n        }\r\n        dialog3795.showModal();\r\n\r\n        let iframe3795 = jQuery(dialog3795).find('iframe');\r\n        if (iframe3795.length > 0) {\r\n            var currentSrc3795 = iframe3795.attr('src');\r\n\r\n            if (currentSrc3795.indexOf('?autoplay=1') === -1) {\r\n                var newSrc3795 = currentSrc3795 + (currentSrc3795.indexOf('?') !== -1 ? '&' : '?') + 'autoplay=1';\r\n                iframe3795.attr('src', newSrc3795);\r\n            }\r\n        } \r\n        \r\n        let shVideo3795 = jQuery('dialog.text-video-dialog').find('video');\r\n        if (shVideo3795.length > 0) {\r\n            shVideo3795[0].play();\r\n        }\r\n    });\r\n\r\n    dialogclose3795.addEventListener('click', () => {\r\n        jQuery(dialog3795).find('.embed-container').children().first().detach();\r\n        iframeDetached3795 = true;\r\n        dialog3795.close();\r\n    });\r\n\r\n    function onClick(event) {\r\n        if (event.target === dialog3795) {\r\n            jQuery(dialog3795).find('.embed-container').children().first().detach();\r\n            iframeDetached3795 = true;\r\n            dialog3795.close();\r\n        }\r\n    }\r\n\r\n    dialog3795.addEventListener(\"click\", onClick);\r\n  <\/script>\r\n<\/section>\n\n\r\n<section \r\n  class=\"stbase-text-counter-block stbase-block top-margin-160 bottom-margin-160 top-mobile-margin-80 bottom-mobile-margin-80\"\r\n>\r\n  <div class=\"container\">\r\n    <div class=\"text-content\" data-aos=\"fade-up\">\r\n      <h2 class=\"title\">Unsere Ziele<\/h2>\r\n      <p class=\"description\">In unserer Arbeit als Verm\u00f6gensverwalter sind wir bestrebt, einen positiven Einfluss auf die Welt zu haben. Um dieses Ziel zu unterstreichen, ist EIP Unterzeichner und\/oder Mitglied von freiwilligen Standards und Vereinigungen im Bereich nachhaltiger Finanzen.<\/p>\r\n      <img decoding=\"async\" src=\"https:\/\/eip-backup.swiss-tomato.ch\/wp-content\/uploads\/2023\/10\/pri-logo-2-1.png\" alt=\"Unsere Ziele\" class=\"after-image\">\r\n    <\/div>\r\n    <div class=\"conters-holder\">\r\n              <div class=\"counters\">\r\n                      <div class=\"counter-item\">\r\n              <div class=\"counting-number-wrapper\">\r\n                                  <span class=\"prefix\">~<\/span>\r\n                \r\n                <span data-target=\"18\" class=\"value counting-number\">0<\/span>\r\n\r\n                              <\/div>\r\n              <p class=\"counter-title\">Terawattstunden produzierter erneuerbarer Energie f\u00fcr das Jahr 2022<\/p>\r\n            <\/div>\r\n                      <div class=\"counter-item\">\r\n              <div class=\"counting-number-wrapper\">\r\n                \r\n                <span data-target=\"3\" class=\"value counting-number\">0<\/span>\r\n\r\n                                  <span class=\"suffix\">m+<\/span>\r\n                              <\/div>\r\n              <p class=\"counter-title\">Tonnen Kohlendioxid-Emissionen, die im Jahr 2022 durch die Erzeugung erneuerbarer Energie insgesamt vermieden wurden<\/p>\r\n            <\/div>\r\n                  <\/div>\r\n          <\/div>\r\n  <\/div>\r\n<\/section>\n\n\r\n<section \r\n  class=\"stbase-contact-cta-block stbase-block top-margin-80 bottom-margin-80 top-mobile-margin-80 bottom-mobile-margin-80\"\r\n>\r\n  <div class=\"container\">\r\n    <div class=\"content-holder\" data-aos=\"fade-up\">\r\n      <h2 class=\"title\">Erfahren Sie mehr \u00fcber unsere Investment Services<\/h2>\r\n      <a href=\"\/de\/zuerich\/\">\r\n        <button class=\"btn-primary\">\r\n          KONTAKTIEREN SIE UNS        <\/button>\r\n      <\/a>\r\n    <\/div>\r\n    <div class=\"image-holder\">\r\n      <img decoding=\"async\" src=\"https:\/\/eip-backup.swiss-tomato.ch\/wp-content\/uploads\/2023\/09\/76c93c35dafa10382d28dc9d7bc942591.jpg\" alt=\"Erfahren Sie mehr \u00fcber unsere Investment Services\" class=\"contact-image\">\r\n    <\/div>\r\n  <\/div>\r\n<\/section>","protected":false},"excerpt":{"rendered":"","protected":false},"author":2,"featured_media":0,"parent":0,"menu_order":0,"comment_status":"closed","ping_status":"closed","template":"","meta":{"_acf_changed":false,"_gspb_post_css":"","content-type":"","footnotes":""},"class_list":["post-3795","page","type-page","status-publish","hentry"],"acf":[],"_links":{"self":[{"href":"https:\/\/eip-backup.swiss-tomato.ch\/de\/wp-json\/wp\/v2\/pages\/3795","targetHints":{"allow":["GET"]}}],"collection":[{"href":"https:\/\/eip-backup.swiss-tomato.ch\/de\/wp-json\/wp\/v2\/pages"}],"about":[{"href":"https:\/\/eip-backup.swiss-tomato.ch\/de\/wp-json\/wp\/v2\/types\/page"}],"author":[{"embeddable":true,"href":"https:\/\/eip-backup.swiss-tomato.ch\/de\/wp-json\/wp\/v2\/users\/2"}],"replies":[{"embeddable":true,"href":"https:\/\/eip-backup.swiss-tomato.ch\/de\/wp-json\/wp\/v2\/comments?post=3795"}],"version-history":[{"count":26,"href":"https:\/\/eip-backup.swiss-tomato.ch\/de\/wp-json\/wp\/v2\/pages\/3795\/revisions"}],"predecessor-version":[{"id":5206,"href":"https:\/\/eip-backup.swiss-tomato.ch\/de\/wp-json\/wp\/v2\/pages\/3795\/revisions\/5206"}],"wp:attachment":[{"href":"https:\/\/eip-backup.swiss-tomato.ch\/de\/wp-json\/wp\/v2\/media?parent=3795"}],"curies":[{"name":"wp","href":"https:\/\/api.w.org\/{rel}","templated":true}]}}