{"id":3833,"date":"2023-10-05T15:10:17","date_gmt":"2023-10-05T15:10:17","guid":{"rendered":"https:\/\/eip-backup.swiss-tomato.ch\/terms-conditions\/"},"modified":"2024-03-18T20:30:12","modified_gmt":"2024-03-18T20:30:12","slug":"nutzungsbedingungen","status":"publish","type":"page","link":"https:\/\/eip-backup.swiss-tomato.ch\/de\/nutzungsbedingungen\/","title":{"rendered":"Nutzungsbedingungen"},"content":{"rendered":"\r\n<section \r\n  class=\"stbase-rich-text-block stbase-block top-margin-80 bottom-margin-80 top-mobile-margin-80 bottom-mobile-margin-80\"\r\n>\r\n  <div class=\"container\">\r\n          <div class=\"text-content large\" data-aos=\"fade-up\">\r\n        <h4>1. Nutzungsberechtigung<\/h4>\n<p>Wenn Sie diese Website aufrufen, wird Ihnen von EIP eine widerrufliche und nicht \u00fcbertragbare Nutzungsberechtigung erteilt. Dies gilt nur, wenn Sie diesen Nutzungsbedingungen und den damit verbundenen Einschr\u00e4nkungen zustimmen. Sie d\u00fcrfen den Betrieb der Website nicht st\u00f6ren oder anderweitig Einfluss darauf nehmen. Wenn Sie diesen Nutzungsbedingungen nicht zustimmen, d\u00fcrfen Sie die auf der Website bereitgestellten Informationen zu den Produkten von EIP nicht nutzen.<\/p>\n<h4>2. Wichtige allgemeine Informationen <\/h4>\n<p>Die Daten auf dieser Website dienen lediglich Informationszwecken. Sie stellen keine Anlage-, Steuer- oder Rechtsberatung dar und sind auch nicht als Angebot, Empfehlung oder Aufforderung zum Treffen von Anlageentscheidungen jeglicher Art, also von Entscheidungen \u00fcber Investitionen in Fonds oder andere Strukturen oder Vertragsabschl\u00fcsse jeglicher Art, auszulegen. Insbesondere sind diese Informationen nicht als Ersatz f\u00fcr eine angemessene Anlage- oder Produktberatung zu verstehen. Als Nutzer dieser Website erkl\u00e4ren Sie sich damit einverstanden, die hier dargestellten Informationen nicht zur Hauptgrundlage Ihrer Anlageentscheidungen zu machen, und nehmen zur Kenntnis, dass die Risiken, die mit den auf dieser Website vorgestellten Finanzprodukten verbunden sind, nicht vollst\u00e4ndig aufgelistet werden. Vorbehaltlich einer anderslautenden ausdr\u00fccklichen Bestimmung sind alle Preisinformationen als unverbindlich anzusehen.<\/p>\n<p>In Bezug auf Informationen zu Anlagevehikeln weisen wir darauf hin, dass als Grundlage f\u00fcr Kaufentscheidungen allein der jeweilige Verkaufsprospekt sowie die entsprechenden Vertragsbedingungen und der j\u00fcngste gepr\u00fcfte Jahresbericht heranzuziehen sind. Die Verkaufsunterlagen werden von der Depotbank des Anlagevehikels, von Zahlstellen und von EIP kostenfrei zur Verf\u00fcgung gestellt. [Bevor Sie in ein Anlagevehikel investieren, sollten Sie die Angebotsunterlagen zu diesem Anlagevehikel einschliesslich des Abschnitts \/ der Abschnitte zu den Risiken sorgf\u00e4ltig durchlesen und vor einer Anlage R\u00fccksprache mit einem qualifizierten Finanzberater halten.] Anlagen in Finanzinstrumente k\u00f6nnen ein hohes Mass an Komplexit\u00e4t und Risiko aufweisen und aufgrund verschiedener Faktoren Schwankungen unterworfen sein. Anleger m\u00fcssen daher in der Lage und bereit sein, mit Anlageverlusten umzugehen. Die historische Performance ist kein verl\u00e4sslicher Indikator f\u00fcr die zuk\u00fcnftige Entwicklung.<\/p>\n<h4>3. Verkaufsbeschr\u00e4nkungen <\/h4>\n<p>Die Informationen auf dieser Website richten sich ausschliesslich an Anleger in L\u00e4ndern\/Rechtsordnungen, in denen die Anlagevehikel zum Verkauf zugelassen sind. Sie sind nicht zur Ver\u00f6ffentlichung oder zur Nutzung durch nat\u00fcrliche oder juristische Personen in L\u00e4ndern vorgesehen, in denen die Anlagevehikel nicht zum Verkauf zugelassen sind. Wenn Unterlagen in englischer Sprache bereitgestellt werden, bedeutet das nicht, dass eine Vertriebslizenz beantragt oder gew\u00e4hrt wurde. Weitere Einzelheiten werden auf Anfrage zur Verf\u00fcgung gestellt. In Bezug auf Informationen \u00fcber Anlagevehikel sind die Verkaufsbeschr\u00e4nkungen gem\u00e4ss den jeweiligen Angebotsunterlagen strengstens zu beachten.<\/p>\n<h4>4. Wichtiger Hinweis f\u00fcr Nutzer in der Schweiz <\/h4>\n<p>Die Informationen auf dieser Website gelten als Werbung gem\u00e4ss dem Bundesgesetz \u00fcber die Finanzdienstleistungen. Der europ\u00e4ische Fonds darf in der Schweiz nur qualifizierten Anlegern im Sinne des Bundesgesetzes \u00fcber die kollektiven Kapitalanlagen angeboten werden. Er wurde und wird nicht bei der Eidgen\u00f6ssischen Finanzmarktaufsicht (FINMA) registriert. Anlagestiftungen und ihre Anlagegruppen unterstehen der Aufsicht durch die Oberaufsichtskommission Berufliche Vorsorge OAK BV und stehen ausschliesslich Schweizer Pensionskassen offen.<\/p>\n<h4>5. Wichtiger Hinweis f\u00fcr US-Personen <\/h4>\n<p>Die Inhalte dieser Website und insbesondere ver\u00f6ffentlichte Dokumente und ihre Inhalte sind in den USA nicht zum Vertrieb oder Verkauf zugelassen. Demgem\u00e4ss werden insbesondere die auf dieser Website pr\u00e4sentierten Anlagevehikel nicht in den USA und nicht US-Staatsb\u00fcrgern oder in den USA ans\u00e4ssigen Personen angeboten.<\/p>\n<h4>6. Prognosen <\/h4>\n<p>Diese Website kann Prognosen enthalten, die zwar die Ansichten und Zukunftserwartungen von EIP widerspiegeln k\u00f6nnen, jedoch nicht mit tats\u00e4chlichen Entwicklungen und Ergebnissen \u00fcbereinstimmen m\u00fcssen. Diese k\u00f6nnen stark von den Erwartungen abweichen. EIP ist nicht verpflichtet, die eigenen Prognosen auf der Grundlage von neuen Informationen oder zuk\u00fcnftigen Ereignissen oder aus einem sonstigen Grund zu aktualisieren oder zu \u00e4ndern, und schliesst eine solche Verpflichtung ausdr\u00fccklich aus.<\/p>\n<h4>7. Informationen\/Daten <\/h4>\n<p>Die Informationen auf dieser Website entsprechen unserem aktuellen Wissensstand und dienen einer allgemeinen Beschreibung unserer Produkte und Services. EIP pr\u00fcft und aktualisiert regelm\u00e4ssig die Informationen auf dieser Website. Trotz aller Sorgfalt ist es jedoch m\u00f6glich, dass sich die den angezeigten Informationen zugrunde liegenden Daten seit der letzten Pr\u00fcfung ge\u00e4ndert haben. Wir \u00fcbernehmen daher keine Haftung und garantieren nicht, dass die bereitgestellten Informationen jederzeit aktuell, korrekt und vollst\u00e4ndig sind, und k\u00f6nnen nur im Falle grober Fahrl\u00e4ssigkeit oder eines bewussten Fehlverhaltens haftbar gemacht werden. EIP \u00fcbernimmt keine Haftung f\u00fcr Verluste jeglicher Art, die auf die Nutzung von Inhalten und Informationen auf dieser Website zur\u00fcckzuf\u00fchren sind. Des Weiteren kann EIP nicht zusichern, dass Funktionen oder Inhalte dieser Website oder die Website selbst fehlerfrei sind und keine Viren oder andere Schadelemente enthalten oder dass Fehler korrigiert werden. 8. Links zu anderen Websites Diese Website kann Links zu anderen Websites enthalten. Bevor EIP eine Website verlinkt, wird eine Pr\u00fcfung auf rechtswidrige Inhalte vorgenommen und wenn entsprechende Inhalte gefunden werden, erfolgt keine Verlinkung. EIP hat jedoch keinen Einfluss auf die aktuelle(n) und zuk\u00fcnftige(n) Gestaltung und Inhalte verlinkter Websites und kann hierf\u00fcr nicht haftbar gemacht werden. Die Nutzung dieser Websites erfolgt auf eigenes Risiko. Bitte weisen Sie uns darauf hin, wenn Sie auf verlinkten Websites auf rechtswidrige oder bedenkliche Inhalte stossen (Rassenhass, Pornografie, Betrug, T\u00e4uschung usw.), da eine solche Verlinkung nat\u00fcrlich nicht beabsichtigt ist. EIP wird die betreffenden Links dann baldm\u00f6glichst entfernen.<\/p>\n<h4>9. Urheberrechte und Markenrechte <\/h4>\n<p>Alle Rechte, Titel und Anspr\u00fcche (wie Urheberrechte, Marken, Patente und andere Rechte an geistigem Eigentum sowie sonstige Rechte) an Informationen und Inhalten (wie dem Gesamttext, Daten, Grafiken und Logos) dieser Website unterliegen vollst\u00e4ndig den jeweils geltenden gesetzlichen Bestimmungen und den Eigentumsrechten der jeweiligen eingetragenen Eigent\u00fcmer. Die Nutzung dieser Website begr\u00fcndet keinerlei Rechte an den Inhalten. Das Urheberrecht an ver\u00f6ffentlichten Inhalten, die von EIP erstellt wurden, verbleibt bei EIP. Ohne schriftliche Genehmigung von EIP d\u00fcrfen diese Inhalte, zu denen Grafiken, Audiodateien, Videoclips und Text geh\u00f6ren, nicht kopiert\/vervielf\u00e4ltigt und weder teilweise noch vollst\u00e4ndig f\u00fcr andere elektronische oder gedruckte Ver\u00f6ffentlichungen verwendet werden. Wird eine Genehmigung erteilt, ist der Umfang zu beachten, auf den sich die Genehmigung bezieht, und es muss auf die Quelle des verwendeten Materials und die Rechte von EIP hingewiesen werden. Die Einbindung von EIP-Websites in Framework-Strukturen (Frames) ist nur nach schriftlicher Zustimmung seitens EIP zul\u00e4ssig.<\/p>\n<h4>10. E-Mail-Kommunikation <\/h4>\n<p>Das Internet ist \u00f6ffentlich zug\u00e4nglich, was bedeutet, dass E-Mails, die unverschl\u00fcsselt versendet werden, weder als vertraulich noch als sicher anzusehen sind. Es ist also m\u00f6glich, dass sie von Dritten eingesehen, abgefangen oder ge\u00e4ndert werden und dass sie verloren gehen. E-Mails k\u00f6nnen selbst dann, wenn sich der Absender und der Empf\u00e4nger im selben Land befinden, Landesgrenzen \u00fcberschreiten. Wir raten daher davon ab, pers\u00f6nliche oder vertrauliche Informationen (insbesondere Kontoinformationen) per E-Mail zu versenden. EIP kann weder Ihnen noch anderen Personen gegen\u00fcber f\u00fcr Verluste haftbar gemacht werden, die auf Nachrichten zur\u00fcckzuf\u00fchren sind, die per unverschl\u00fcsseltem E-Mail oder \u00fcber ein anderes elektronisches Nachrichten\u00fcbermittlungssystem versendet wurden. Wir raten Ihnen, f\u00fcr den Versand vertraulicher Informationen per E-Mail einen Passwortschutz zu verwenden oder die entsprechenden Inhalte zu verschl\u00fcsseln (Kryptotext).<\/p>\n<h4>11. Haftungsbeschr\u00e4nkung <\/h4>\n<p>Die Nutzung dieser Website erfolgt auf eigenes Risiko. Sie alleine sind f\u00fcr die Konsequenzen verantwortlich, die sich aus dieser Nutzung und dem Download von Website-Inhalten ergeben. EIP \u00fcbernimmt keine Haftung f\u00fcr Verluste jeglicher Art, die auf Informationen zur\u00fcckzuf\u00fchren sind, die auf der Website ver\u00f6ffentlicht oder nicht ver\u00f6ffentlicht wurden. Dies gilt insbesondere f\u00fcr Verluste infolge von Anlageentscheidungen. Dieser Haftungsausschluss bezieht sich auch auf direkte oder indirekte Schadenersatzforderungen, Anspr\u00fcche aus unerlaubter Handlung, Forderungen atypischer Natur sowie Forderungen in Bezug auf Folgesch\u00e4den. Der Haftungsausschluss gilt nicht, sofern dieser unter dem anzuwendenden Recht nicht zul\u00e4ssig ist, sowie bei grober Fahrl\u00e4ssigkeit oder Vorsatz seitens EIP.<\/p>\n<h4>12. Sonstige Bestimmungen <\/h4>\n<p><strong>12.1 Geltungsbereich <\/strong><\/p>\n<p>Diese Nutzungsbedingungen gelten zwischen Nutzern der Website und EIP und gelten auch f\u00fcr deren Rechtsnachfolger, Abtretungsempf\u00e4nger und Vertreter. EIP ist befugt, Rechte, die sich aus diesen Nutzungsbedingungen ableiten lassen, an Dritte zu \u00fcbertragen.<\/p>\n<p><strong>12.2 Verf\u00fcgbarkeit der Website <\/strong><\/p>\n<p>EIP beh\u00e4lt sich das Recht vor, den Betrieb dieser Website und damit das Angebot an Diensten, Informationen, Eigenschaften oder Funktionalit\u00e4ten der Website, auf die im Rahmen der zul\u00e4ssigen Nutzung zugegriffen werden kann, jederzeit zu modifizieren oder vor\u00fcbergehend oder endg\u00fcltig einzustellen. Zudem beh\u00e4lt sich EIP das Recht vor, ohne Vorank\u00fcndigung die Nutzung bestimmter Eigenschaften, Funktionalit\u00e4ten oder Dienste oder den Zugang zu einigen oder allen Teilen der Website zu beschr\u00e4nken.<\/p>\n<p><strong>12.3 \u00dcbertragung von Betriebsfunktionen <\/strong><\/p>\n<p>EIP beh\u00e4lt sich das Recht vor, Funktionen in Verbindung mit dem Betrieb dieser Website jederzeit an Dritte zu \u00fcbertragen.<\/p>\n<p><strong>12.4 \u00c4nderungen der Nutzungsbedingungen <\/strong><\/p>\n<p>EIP beh\u00e4lt sich das Recht vor, diese Nutzungsbedingungen jederzeit zu \u00e4ndern oder zu erg\u00e4nzen. Sie sollten diese Nutzungsbedingungen vor jeder Nutzung der Website durchlesen, um sicherzustellen, dass Sie \u00fcber m\u00f6gliche \u00c4nderungen auf dem Laufenden sind.<\/p>\n<p><strong>12.5 Vertragliche Vereinbarungen <\/strong><\/p>\n<p>Sollten vertragliche Vereinbarungen zwischen Ihnen und EIP von diesen Nutzungsbedingungen abweichen, sind die vertraglichen Vereinbarungen massgeblich.<\/p>\n<p><strong>12.6 Salvatorische Klausel <\/strong><\/p>\n<p>Sollte eine Bestimmung dieser Nutzungsbedingungen ganz oder teilweise unrechtm\u00e4ssig, ung\u00fcltig oder undurchsetzbar sein, wird die Rechtm\u00e4ssigkeit, G\u00fcltigkeit oder Durchsetzbarkeit der \u00fcbrigen Bestimmungen dieser Nutzungsbedingungen dadurch nicht ber\u00fchrt.<\/p>\n<p>Aktualisiert 1. Dezember 2020<\/p>\n    <\/div>  \r\n    <\/div>\r\n<\/section>","protected":false},"excerpt":{"rendered":"","protected":false},"author":2,"featured_media":0,"parent":0,"menu_order":0,"comment_status":"closed","ping_status":"closed","template":"page-text.php","meta":{"_acf_changed":false,"_gspb_post_css":"","content-type":"","footnotes":""},"class_list":["post-3833","page","type-page","status-publish","hentry"],"acf":[],"_links":{"self":[{"href":"https:\/\/eip-backup.swiss-tomato.ch\/de\/wp-json\/wp\/v2\/pages\/3833","targetHints":{"allow":["GET"]}}],"collection":[{"href":"https:\/\/eip-backup.swiss-tomato.ch\/de\/wp-json\/wp\/v2\/pages"}],"about":[{"href":"https:\/\/eip-backup.swiss-tomato.ch\/de\/wp-json\/wp\/v2\/types\/page"}],"author":[{"embeddable":true,"href":"https:\/\/eip-backup.swiss-tomato.ch\/de\/wp-json\/wp\/v2\/users\/2"}],"replies":[{"embeddable":true,"href":"https:\/\/eip-backup.swiss-tomato.ch\/de\/wp-json\/wp\/v2\/comments?post=3833"}],"version-history":[{"count":7,"href":"https:\/\/eip-backup.swiss-tomato.ch\/de\/wp-json\/wp\/v2\/pages\/3833\/revisions"}],"predecessor-version":[{"id":5679,"href":"https:\/\/eip-backup.swiss-tomato.ch\/de\/wp-json\/wp\/v2\/pages\/3833\/revisions\/5679"}],"wp:attachment":[{"href":"https:\/\/eip-backup.swiss-tomato.ch\/de\/wp-json\/wp\/v2\/media?parent=3833"}],"curies":[{"name":"wp","href":"https:\/\/api.w.org\/{rel}","templated":true}]}}