{"id":5591,"date":"2024-04-23T07:37:17","date_gmt":"2024-04-23T07:37:17","guid":{"rendered":"https:\/\/eip-backup.swiss-tomato.ch\/?page_id=5591"},"modified":"2024-04-29T12:36:58","modified_gmt":"2024-04-29T12:36:58","slug":"study-inflation","status":"publish","type":"page","link":"https:\/\/eip-backup.swiss-tomato.ch\/de\/study-inflation\/","title":{"rendered":"Study Inflation"},"content":{"rendered":"\r\n<section \r\n  class=\"stbase-fullscreen-text-image-block stbase-block top-margin-80 bottom-margin-80 top-mobile-margin-80 bottom-mobile-margin-80\">\r\n  <div class=\"container\">\r\n    <div class=\"content-wrapper type-img-bg content-center text-center  \" style=\"background-image: url(https:\/\/eip-backup.swiss-tomato.ch\/wp-content\/uploads\/2024\/03\/Boralex-Race-Cham-Longe-Repowering-Ardeche.webp);\">\r\n      <div class=\"text-content\">\r\n                  <p class=\"category\">Starker Schutz<\/p>\r\n                <h2 class=\"title\">Durchstarten: Energieinfrastruktur-Anlagen in inflationsbedingten Zyklen<\/h2>\r\n                  <p class=\"description\">Die Studie ist derzeit in Englisch verf\u00fcgbar. Eine deutsche \u00dcbersetzung finden Sie in K\u00fcrze hier.<\/p>\r\n                <a class=\"btn-primary\" href=\"https:\/\/eip-backup.swiss-tomato.ch\/wp-content\/uploads\/2024\/04\/EIP-Research-Energy-infrastructure-across-inflationary-cycles.pdf\" target=\"_blank\">\r\n          Download        <\/a>\r\n      <\/div>\r\n          <\/div>\r\n  <\/div>\r\n<\/section>\n\n\r\n<section \r\n  class=\"stbase-text-image-block stbase-block top-margin-80 bottom-margin-80 top-mobile-margin-80 bottom-mobile-margin-80\"\r\n>\r\n  <div class=\"container layout-text-image\">\r\n    <div class=\"image-holder height-partial wide-no\">\r\n      <img decoding=\"async\" src=\"https:\/\/eip-backup.swiss-tomato.ch\/wp-content\/uploads\/2024\/04\/Under-Pressure_DE_full-text.svg\" alt=\"\" class=\"text-image\">\r\n    <\/div>  \r\n    <div class=\"content-holder\" >\r\n      <h2 class=\"title\"><\/h2>\r\n      <div class=\"text large tight-no\"><p>Durch die Analyse monatlicher Gesamtrenditedaten bis Ende 2023 geh\u00f6rt diese Forschung zu den ersten Studien, die die j\u00fcngste Inflationsphase ber\u00fccksichtigen. Laut unserer Analyse \u00fcbertreffen private Infrastrukturanlagen und insbesondere private Energieinfrastrukturanlagen b\u00f6rsennotierte Aktien w\u00e4hrend Inflationsphasen. Je schlimmer die Inflation wird, desto st\u00e4rker wird der Inflationsschutz von Anlagem\u00f6glichkeiten im Infrastrukturbereich.<\/p>\n<\/div>\r\n          <\/div>  \r\n  <\/div>\r\n<\/section>\n\n\r\n<section \r\n  class=\"stbase-tabs-block stbase-block top-margin-80 bottom-margin-80 top-mobile-margin-80 bottom-mobile-margin-80\"\r\n>\r\n  <div class=\"container\">\r\n          <div class=\"tab-container\">\r\n        <div class=\"tab-header\">\r\n                      <div class=\"tab-button tab-button-1 active\" onclick=\"openTab(1)\">Case Studies<\/div>\r\n                        <div class=\"tab-button tab-button-2 active\" onclick=\"openTab(2)\">Swissgrid<\/div>\r\n                        <div class=\"tab-button tab-button-3 active\" onclick=\"openTab(3)\">Boralex France<\/div>\r\n                        <div class=\"tab-button tab-button-4 active\" onclick=\"openTab(4)\">Fluxys<\/div>\r\n                    <\/div>\r\n        <div class=\"tab-contents\">\r\n                          <div class=\"tab-content\" id=\"tab1\">\r\n                                                                                          <div class=\"flexible text-image wider-text\">\r\n                              <div class=\"text-content\" data-aos=\"fade-up\">\r\n                                                                  <h2 class=\"title\">Wie es funktioniert<\/h2>\r\n                                                                <div class=\"description large\">\r\n                                  <p>Zum besseren Verst\u00e4ndnis der relativ starken F\u00e4higkeit von Energieinfrastruktur, die Inflation zu \u00fcberwinden, stellen wir drei Beispiele aus dem Portfolio von Energy Infrastructure Partners vor: Swissgrid, der Schweizer Stromnetz- und \u00dcbertragungsnetzbetreiber, Boralex France, eine Onshore-Windplattform, und Fluxys, ein Betreiber von Fl\u00fcssigerdgas-Terminals, Gaspipelines und Gasspeichern.<\/p>\n                                <\/div>\r\n                                                                  <a href=\"\/track-record\/\">\r\n                                    <button class=\"btn-primary\">\r\n                                      Unser Portfolio                                    <\/button>\r\n                                  <\/a>\r\n                                                              <\/div>\r\n                              <div class=\"image-content radius-no tall-no\">\r\n                                <img decoding=\"async\" src=\"https:\/\/eip-backup.swiss-tomato.ch\/wp-content\/uploads\/2024\/04\/White-paper-inflation-linkedin_4_transparent.png\" alt=\"Wie es funktioniert\">\r\n                              <\/div>\r\n                            <\/div>\r\n                                                          <\/div>\r\n                                <div class=\"tab-content\" id=\"tab2\">\r\n                                                                                          <div class=\"flexible text-image wider-text\">\r\n                              <div class=\"text-content\" data-aos=\"fade-up\">\r\n                                                                  <h2 class=\"title\">Regulierter gewichteter durchschnittlicher Kapitalkostensatz<\/h2>\r\n                                                                <div class=\"description large\">\r\n                                  <p>Swissgrid, die Eigent\u00fcmerin und Betreiberin des schweizerischen Hochspannungsnetzes, arbeitet nach einem stark regulierten, stabilen Ertrags- und Cashflow-Modell. Die Ertr\u00e4ge basieren auf einem gewichteten durchschnittlichen Kapitalkostensatz (WACC), der unabh\u00e4ngig von der Gesch\u00e4ftsentwicklung eine stabile Kapitalrendite gew\u00e4hrleistet. Swissgrid kann alle Kosten im Zusammenhang mit den regulierten Aktivit\u00e4ten an die Kunden weitergeben, wobei die Kostenprognosen j\u00e4hrlich zur Festlegung der Netztarife erstellt werden. Trotz der verz\u00f6gerten Weitergabe von unvorhergesehenen Inflations\u00e4nderungen kann Swissgrid die Tarife in den Folgejahren anpassen und so ihre Einnahmen effektiv vor langfristigen Inflationseffekten sch\u00fctzen.<\/p>\n                                <\/div>\r\n                                                                  <a href=\"\/track-record\/swissgrid\/\">\r\n                                    <button class=\"btn-primary\">\r\n                                      Mehr zu Swissgrid                                    <\/button>\r\n                                  <\/a>\r\n                                                              <\/div>\r\n                              <div class=\"image-content radius-yes tall-no\">\r\n                                <img decoding=\"async\" src=\"https:\/\/eip-backup.swiss-tomato.ch\/wp-content\/uploads\/2024\/04\/Swissgrid_3x4.jpg\" alt=\"Regulierter gewichteter durchschnittlicher Kapitalkostensatz\">\r\n                              <\/div>\r\n                            <\/div>\r\n                                                          <\/div>\r\n                                <div class=\"tab-content\" id=\"tab3\">\r\n                                                                                          <div class=\"flexible text-image wider-text\">\r\n                              <div class=\"text-content\" data-aos=\"fade-up\">\r\n                                                                  <h2 class=\"title\">An die Inflation gebundene Einspeiseverg\u00fctung<\/h2>\r\n                                                                <div class=\"description large\">\r\n                                  <p>Boralex France, der gr\u00f6\u00dfte private Akteur in der franz\u00f6sischen Onshore-Windkraftindustrie, betreibt rund 70 Windparks und einige Solarkraftwerke und verf\u00fcgt \u00fcber eine umfangreiche Entwicklungspipeline. F\u00fcr die meisten Anlagen gilt der franz\u00f6sische Einspeisetarif, ein f\u00fcr 20 Jahre garantierter Festpreis, der zu 30% an die Inflation gekoppelt ist. Nach Ablauf des Einspeisetarifs wird das Gesch\u00e4ftsmodell auf ein marktbasiertes Modell umgestellt, so dass die Einnahmen nat\u00fcrlich mit der Inflation schwanken. Bei neuen Projekten kann Boralex France auf der Grundlage der Baukosten und der erforderlichen Kapitalrendite ein Gebot f\u00fcr einen Einspeisetarif abgeben.<\/p>\n                                <\/div>\r\n                                                                  <a href=\"\/track-record\/boralex\/\">\r\n                                    <button class=\"btn-primary\">\r\n                                      Mehr zu Boralex                                    <\/button>\r\n                                  <\/a>\r\n                                                              <\/div>\r\n                              <div class=\"image-content radius-yes tall-no\">\r\n                                <img decoding=\"async\" src=\"https:\/\/eip-backup.swiss-tomato.ch\/wp-content\/uploads\/2024\/04\/Boralex_3x4.jpg\" alt=\"An die Inflation gebundene Einspeiseverg\u00fctung\">\r\n                              <\/div>\r\n                            <\/div>\r\n                                                          <\/div>\r\n                                <div class=\"tab-content\" id=\"tab4\">\r\n                                                                                          <div class=\"flexible text-image wider-text\">\r\n                              <div class=\"text-content\" data-aos=\"fade-up\">\r\n                                                                  <h2 class=\"title\">Reguliertes Renditemodell und Off-Take-Vertr\u00e4ge<\/h2>\r\n                                                                <div class=\"description large\">\r\n                                  <p>Fluxys, eine f\u00fchrende europ\u00e4ischee Gastransport- und -speicherbetreiberin, betreibt ein 24.000 km langes Pipelinenetz und vier Fl\u00fcssigerdgasterminals (LNG). Das Unternehmen ist in verschiedenen L\u00e4ndern, Gesch\u00e4ftsmodellen und Technologien t\u00e4tig, die jeweils unterschiedliche Mechanismen zum Schutz vor Inflation aufweisen, wodurch das Risiko auf Konzernebene diversifiziert wird. Die Verlader, die die Kapazit\u00e4t des LNG-Importterminals von Fluxys in D\u00fcnkirchen nutzen, unterzeichnen Vertr\u00e4ge, die direkt an die Inflation gekoppelt sind, und Fluxys kann die Betriebskosten des Terminals vollst\u00e4ndig an die Kapazit\u00e4tsabnehmer weitergeben. In Belgien und Deutschland, wo Fluxys Gastransportleitungen betreibt, erwirtschaftet das Unternehmen eine regulierte Rendite, wobei die Mechanismen zur Weitergabe der Inflation von Land zu Land unterschiedlich sind.<\/p>\n                                <\/div>\r\n                                                                  <a href=\"\/track-record\/fluxys\/\">\r\n                                    <button class=\"btn-primary\">\r\n                                      Mehr zu Fluxys                                    <\/button>\r\n                                  <\/a>\r\n                                                              <\/div>\r\n                              <div class=\"image-content radius-yes tall-no\">\r\n                                <img decoding=\"async\" src=\"https:\/\/eip-backup.swiss-tomato.ch\/wp-content\/uploads\/2024\/04\/Fluxys_3x4-scaled.jpg\" alt=\"Reguliertes Renditemodell und Off-Take-Vertr\u00e4ge\">\r\n                              <\/div>\r\n                            <\/div>\r\n                                                          <\/div>\r\n                        <\/div>\r\n      <\/div>\r\n      <\/div>\r\n  <script>\r\n    function openTab(tabNumber) {\r\n      const tabButtons = document.querySelectorAll(\".tab-button\");\r\n      const tabContents = document.querySelectorAll(\".tab-content\");\r\n\r\n      tabContents.forEach((content) => {\r\n        content.style.display = \"none\";\r\n      });\r\n\r\n      tabButtons.forEach((button) => {\r\n        button.classList.remove(\"active\");\r\n      });\r\n\r\n      document.getElementById(`tab${tabNumber}`).style.display = \"block\";\r\n\r\n      tabButtons[tabNumber - 1].classList.add(\"active\");\r\n    }\r\n\r\n    openTab(1);\r\n  <\/script>\r\n  <\/section>\n\n\r\n<section \r\n  class=\"stbase-fullscreen-text-image-block stbase-block top-margin-80 bottom-margin-80 top-mobile-margin-80 bottom-mobile-margin-80\">\r\n  <div class=\"container\">\r\n    <div class=\"content-wrapper type-img-bg content-center text-center  \" style=\"background-image: url(https:\/\/eip-backup.swiss-tomato.ch\/wp-content\/uploads\/2024\/04\/White-paper-inflation-linkedin_4_transparent-1_edited.jpg);\">\r\n      <div class=\"text-content\">\r\n                <h2 class=\"title\"><\/h2>\r\n                <a class=\"btn-primary\" href=\"https:\/\/eip-backup.swiss-tomato.ch\/wp-content\/uploads\/2024\/04\/EIP-Research-Energy-infrastructure-across-inflationary-cycles.pdf\" target=\"_self\">\r\n          Download        <\/a>\r\n      <\/div>\r\n          <\/div>\r\n  <\/div>\r\n<\/section>","protected":false},"excerpt":{"rendered":"","protected":false},"author":11,"featured_media":0,"parent":0,"menu_order":0,"comment_status":"closed","ping_status":"closed","template":"","meta":{"_acf_changed":false,"_gspb_post_css":"","content-type":"","footnotes":""},"class_list":["post-5591","page","type-page","status-publish","hentry"],"acf":[],"_links":{"self":[{"href":"https:\/\/eip-backup.swiss-tomato.ch\/de\/wp-json\/wp\/v2\/pages\/5591","targetHints":{"allow":["GET"]}}],"collection":[{"href":"https:\/\/eip-backup.swiss-tomato.ch\/de\/wp-json\/wp\/v2\/pages"}],"about":[{"href":"https:\/\/eip-backup.swiss-tomato.ch\/de\/wp-json\/wp\/v2\/types\/page"}],"author":[{"embeddable":true,"href":"https:\/\/eip-backup.swiss-tomato.ch\/de\/wp-json\/wp\/v2\/users\/11"}],"replies":[{"embeddable":true,"href":"https:\/\/eip-backup.swiss-tomato.ch\/de\/wp-json\/wp\/v2\/comments?post=5591"}],"version-history":[{"count":13,"href":"https:\/\/eip-backup.swiss-tomato.ch\/de\/wp-json\/wp\/v2\/pages\/5591\/revisions"}],"predecessor-version":[{"id":5643,"href":"https:\/\/eip-backup.swiss-tomato.ch\/de\/wp-json\/wp\/v2\/pages\/5591\/revisions\/5643"}],"wp:attachment":[{"href":"https:\/\/eip-backup.swiss-tomato.ch\/de\/wp-json\/wp\/v2\/media?parent=5591"}],"curies":[{"name":"wp","href":"https:\/\/api.w.org\/{rel}","templated":true}]}}