{"id":5602,"date":"2024-04-23T12:51:56","date_gmt":"2024-04-23T12:51:56","guid":{"rendered":"https:\/\/eip-backup.swiss-tomato.ch\/?page_id=5602"},"modified":"2024-05-08T07:34:56","modified_gmt":"2024-05-08T07:34:56","slug":"study-eth","status":"publish","type":"page","link":"https:\/\/eip-backup.swiss-tomato.ch\/de\/study-eth\/","title":{"rendered":"Study ETH"},"content":{"rendered":"\r\n<section \r\n  class=\"stbase-fullscreen-text-image-block stbase-block top-margin-80 bottom-margin-80 top-mobile-margin-80 bottom-mobile-margin-80\">\r\n  <div class=\"container\">\r\n    <div class=\"content-wrapper type-img-bg content-center text-center  \" style=\"background-image: url(https:\/\/eip-backup.swiss-tomato.ch\/wp-content\/uploads\/2024\/02\/Stausee-Hongrin-Copyright-Alpiq1.jpg);\">\r\n      <div class=\"text-content\">\r\n                  <p class=\"category\">System-Upgrade<\/p>\r\n                <h2 class=\"title\">Investitionsbedarf zur Sicherung der Schweizer Energieversorgung<\/h2>\r\n                <a class=\"btn-primary\" href=\"https:\/\/eip-backup.swiss-tomato.ch\/wp-content\/uploads\/2024\/02\/EIP-Insights_Investitionsbedarf-Schweizer-Energieversorgung-2.pdf\" target=\"_blank\">\r\n          Download        <\/a>\r\n      <\/div>\r\n          <\/div>\r\n  <\/div>\r\n<\/section>\n\n\r\n<section \r\n  class=\"stbase-text-image-block stbase-block top-margin-80 bottom-margin-80 top-mobile-margin-80 bottom-mobile-margin-80\"\r\n>\r\n  <div class=\"container layout-text-image\">\r\n    <div class=\"image-holder height-full wide-no\">\r\n      <img decoding=\"async\" src=\"https:\/\/eip-backup.swiss-tomato.ch\/wp-content\/uploads\/2024\/04\/Stromhungrig_DE_full-text.svg\" alt=\"\" class=\"text-image\">\r\n    <\/div>  \r\n    <div class=\"content-holder\" data-aos=\"fade-up\">\r\n      <h2 class=\"title\"><\/h2>\r\n      <div class=\"text large tight-no\"><p>Die Stromversorgung der Schweiz steht in den kommenden Jahren vor einer doppelten Herausforderung: dem geplanten Ausstieg aus der Kernenergie und dem prognostizierten Anstieg der Stromnachfrage aufgrund des Bev\u00f6lkerungswachstums und der zunehmenden Elektrifizierung. Infolgedessen m\u00fcssen landesweit bis 2050 zus\u00e4tzliche Produktionskapazit\u00e4ten f\u00fcr \u00fcber 40 Terawattstunden Strom aufgebaut werden.<\/p>\n<p>Um diese Herausforderungen zu bew\u00e4ltigen, sind massive Investitionen in den Um- und Ausbau des Energiesystems erforderlich. Dies war Anlass f\u00fcr eine Zusammenarbeit zwischen Energy Infrastructure Partners und dem Energy Science Center (ESC) der ETH Z\u00fcrich.<\/p>\n<\/div>\r\n          <\/div>  \r\n  <\/div>\r\n<\/section>\n\n\r\n<section \r\n  class=\"stbase-fullscreen-text-image-block stbase-block top-margin-80 bottom-margin-80 top-mobile-margin-80 bottom-mobile-margin-80\">\r\n  <div class=\"container\">\r\n    <div class=\"content-wrapper type-img-on-side content- text-left  img-side-left\" >\r\n      <div class=\"text-content\">\r\n                  <p class=\"category\">Interview<\/p>\r\n                <h2 class=\"title\">\u00abWir verfolgen eine Verst\u00e4rkung der Investitionen in Anlagen zur klimafreundlichen Energieproduktion.\u00bb<\/h2>\r\n                  <p class=\"description\">Wie k\u00f6nnen Pensionskassen ihr Ertragsprofil optimieren und gleichzeitig einen Beitrag zur nachhaltigen Transformation des Energiesektors leisten? Adrian Weibel, Leiter Kapitalanlagen und stellvertretender CEO der Pensionskasse Thurgau, spricht \u00fcber die Chancen und Herausforderungen, die sich aus den zunehmenden Investitionen in eine klimafreundliche Energieproduktion ergeben.<\/p>\r\n                <a class=\"btn-primary\" href=\"https:\/\/eip-backup.swiss-tomato.ch\/wp-content\/uploads\/2024\/02\/EIP-Insights_Investitionsbedarf-Schweizer-Energieversorgung-2.pdf\" target=\"_blank\">\r\n          Zum ganzen Interview        <\/a>\r\n      <\/div>\r\n              <div class=\"image-content type-contain\">\r\n          <img decoding=\"async\" src=\"https:\/\/eip-backup.swiss-tomato.ch\/wp-content\/uploads\/2024\/04\/Adrian-Weibel.jpg\" alt=\"Adrian Weibel\" \/>\r\n        <\/div>\r\n          <\/div>\r\n  <\/div>\r\n<\/section>\n\n\r\n<section \r\n  class=\"stbase-fullscreen-text-image-block stbase-block top-margin-80 bottom-margin-80 top-mobile-margin-80 bottom-mobile-margin-80\">\r\n  <div class=\"container\">\r\n    <div class=\"content-wrapper type-img-bg content-center text-center  \" style=\"background-image: url(https:\/\/eip-backup.swiss-tomato.ch\/wp-content\/uploads\/2024\/04\/Brochure-Catalog-Mockup-06.webp);\">\r\n      <div class=\"text-content\">\r\n                <h2 class=\"title\"><\/h2>\r\n                <a class=\"btn-primary\" href=\"https:\/\/eip-backup.swiss-tomato.ch\/wp-content\/uploads\/2024\/02\/EIP-Insights_Investitionsbedarf-Schweizer-Energieversorgung-2.pdf\" target=\"_self\">\r\n          Download        <\/a>\r\n      <\/div>\r\n          <\/div>\r\n  <\/div>\r\n<\/section>","protected":false},"excerpt":{"rendered":"","protected":false},"author":11,"featured_media":0,"parent":0,"menu_order":0,"comment_status":"closed","ping_status":"closed","template":"","meta":{"_acf_changed":false,"_gspb_post_css":"","content-type":"","footnotes":""},"class_list":["post-5602","page","type-page","status-publish","hentry"],"acf":[],"_links":{"self":[{"href":"https:\/\/eip-backup.swiss-tomato.ch\/de\/wp-json\/wp\/v2\/pages\/5602","targetHints":{"allow":["GET"]}}],"collection":[{"href":"https:\/\/eip-backup.swiss-tomato.ch\/de\/wp-json\/wp\/v2\/pages"}],"about":[{"href":"https:\/\/eip-backup.swiss-tomato.ch\/de\/wp-json\/wp\/v2\/types\/page"}],"author":[{"embeddable":true,"href":"https:\/\/eip-backup.swiss-tomato.ch\/de\/wp-json\/wp\/v2\/users\/11"}],"replies":[{"embeddable":true,"href":"https:\/\/eip-backup.swiss-tomato.ch\/de\/wp-json\/wp\/v2\/comments?post=5602"}],"version-history":[{"count":6,"href":"https:\/\/eip-backup.swiss-tomato.ch\/de\/wp-json\/wp\/v2\/pages\/5602\/revisions"}],"predecessor-version":[{"id":5650,"href":"https:\/\/eip-backup.swiss-tomato.ch\/de\/wp-json\/wp\/v2\/pages\/5602\/revisions\/5650"}],"wp:attachment":[{"href":"https:\/\/eip-backup.swiss-tomato.ch\/de\/wp-json\/wp\/v2\/media?parent=5602"}],"curies":[{"name":"wp","href":"https:\/\/api.w.org\/{rel}","templated":true}]}}